{"id":1028,"date":"2024-12-06T11:16:58","date_gmt":"2024-12-06T10:16:58","guid":{"rendered":"https:\/\/odvjetnica-beber.hr\/?page_id=1028"},"modified":"2025-01-04T16:53:00","modified_gmt":"2025-01-04T15:53:00","slug":"verbundene-bueros","status":"publish","type":"page","link":"https:\/\/odvjetnica-beber.hr\/de\/verbundene-bueros\/","title":{"rendered":"Verbundene B\u00fcros"},"content":{"rendered":"\t\t<div data-elementor-type=\"wp-page\" data-elementor-id=\"1028\" class=\"elementor elementor-1028 elementor-451\" data-elementor-post-type=\"page\">\n\t\t\t\t\t\t<section class=\"elementor-section elementor-top-section elementor-element elementor-element-68a0592 elementor-section-height-min-height animated-slow elementor-section-boxed elementor-section-height-default elementor-section-items-middle elementor-invisible\" data-id=\"68a0592\" data-element_type=\"section\" data-settings=\"{&quot;background_background&quot;:&quot;classic&quot;,&quot;animation&quot;:&quot;fadeIn&quot;}\">\n\t\t\t\t\t\t\t<div class=\"elementor-background-overlay\"><\/div>\n\t\t\t\t\t\t\t<div class=\"elementor-container elementor-column-gap-extended\">\n\t\t\t\t\t<div class=\"elementor-column elementor-col-100 elementor-top-column elementor-element elementor-element-640a5ac\" data-id=\"640a5ac\" data-element_type=\"column\">\n\t\t\t<div class=\"elementor-widget-wrap elementor-element-populated\">\n\t\t\t\t\t\t<div class=\"elementor-element elementor-element-fd99e3d elementor-widget elementor-widget-heading\" data-id=\"fd99e3d\" data-element_type=\"widget\" data-widget_type=\"heading.default\">\n\t\t\t\t<div class=\"elementor-widget-container\">\n\t\t\t<h2 class=\"elementor-heading-title elementor-size-default\">Verbundene B\u00fcros<\/h2>\t\t<\/div>\n\t\t\t\t<\/div>\n\t\t\t\t\t<\/div>\n\t\t<\/div>\n\t\t\t\t\t<\/div>\n\t\t<\/section>\n\t\t\t\t<section class=\"elementor-section elementor-top-section elementor-element elementor-element-bb22beb elementor-section-boxed elementor-section-height-default elementor-section-height-default\" data-id=\"bb22beb\" data-element_type=\"section\" data-settings=\"{&quot;background_background&quot;:&quot;classic&quot;}\">\n\t\t\t\t\t\t<div class=\"elementor-container elementor-column-gap-extended\">\n\t\t\t\t\t<div class=\"elementor-column elementor-col-100 elementor-top-column elementor-element elementor-element-579f866\" data-id=\"579f866\" data-element_type=\"column\">\n\t\t\t<div class=\"elementor-widget-wrap elementor-element-populated\">\n\t\t\t\t\t\t<section class=\"elementor-section elementor-inner-section elementor-element elementor-element-df04ceb elementor-hidden-desktop elementor-hidden-tablet elementor-hidden-mobile elementor-section-boxed elementor-section-height-default elementor-section-height-default\" data-id=\"df04ceb\" data-element_type=\"section\">\n\t\t\t\t\t\t<div class=\"elementor-container elementor-column-gap-default\">\n\t\t\t\t\t<div class=\"elementor-column elementor-col-100 elementor-inner-column elementor-element elementor-element-671ea00\" data-id=\"671ea00\" data-element_type=\"column\">\n\t\t\t<div class=\"elementor-widget-wrap elementor-element-populated\">\n\t\t\t\t\t\t<div class=\"elementor-element elementor-element-a489d49 elementor-widget__width-auto elementor-widget-divider--view-line elementor-widget elementor-widget-divider\" data-id=\"a489d49\" data-element_type=\"widget\" data-widget_type=\"divider.default\">\n\t\t\t\t<div class=\"elementor-widget-container\">\n\t\t\t\t\t<div class=\"elementor-divider\">\n\t\t\t<span class=\"elementor-divider-separator\">\n\t\t\t\t\t\t<\/span>\n\t\t<\/div>\n\t\t\t\t<\/div>\n\t\t\t\t<\/div>\n\t\t\t\t<div class=\"elementor-element elementor-element-dbd28fb elementor-widget__width-auto elementor-widget elementor-widget-text-editor\" data-id=\"dbd28fb\" data-element_type=\"widget\" data-widget_type=\"text-editor.default\">\n\t\t\t\t<div class=\"elementor-widget-container\">\n\t\t\t\t\t\t\t<p>POVEZANI UREDI<\/p>\t\t\t\t\t\t<\/div>\n\t\t\t\t<\/div>\n\t\t\t\t<div class=\"elementor-element elementor-element-efc3a3b elementor-widget__width-auto elementor-widget-divider--view-line elementor-widget elementor-widget-divider\" data-id=\"efc3a3b\" data-element_type=\"widget\" data-widget_type=\"divider.default\">\n\t\t\t\t<div class=\"elementor-widget-container\">\n\t\t\t\t\t<div class=\"elementor-divider\">\n\t\t\t<span class=\"elementor-divider-separator\">\n\t\t\t\t\t\t<\/span>\n\t\t<\/div>\n\t\t\t\t<\/div>\n\t\t\t\t<\/div>\n\t\t\t\t\t<\/div>\n\t\t<\/div>\n\t\t\t\t\t<\/div>\n\t\t<\/section>\n\t\t\t\t<section class=\"elementor-section elementor-inner-section elementor-element elementor-element-1e6dbbb elementor-section-boxed elementor-section-height-default elementor-section-height-default\" data-id=\"1e6dbbb\" data-element_type=\"section\">\n\t\t\t\t\t\t<div class=\"elementor-container elementor-column-gap-default\">\n\t\t\t\t\t<div class=\"elementor-column elementor-col-50 elementor-inner-column elementor-element elementor-element-15dec5d\" data-id=\"15dec5d\" data-element_type=\"column\" data-settings=\"{&quot;animation&quot;:&quot;none&quot;}\">\n\t\t\t<div class=\"elementor-widget-wrap elementor-element-populated\">\n\t\t\t\t\t\t<div class=\"elementor-element elementor-element-5901ea2 elementor-position-left elementor-vertical-align-middle animated-slow elementor-invisible elementor-widget elementor-widget-image-box\" data-id=\"5901ea2\" data-element_type=\"widget\" data-settings=\"{&quot;_animation&quot;:&quot;fadeInUp&quot;,&quot;_animation_delay&quot;:0.1}\" data-widget_type=\"image-box.default\">\n\t\t\t\t<div class=\"elementor-widget-container\">\n\t\t\t<div class=\"elementor-image-box-wrapper\"><figure class=\"elementor-image-box-img\"><img fetchpriority=\"high\" decoding=\"async\" width=\"256\" height=\"256\" src=\"https:\/\/odvjetnica-beber.hr\/wp-content\/uploads\/2024\/11\/support.png\" class=\"attachment-full size-full wp-image-974\" alt=\"\" srcset=\"https:\/\/odvjetnica-beber.hr\/wp-content\/uploads\/2024\/11\/support.png 256w, https:\/\/odvjetnica-beber.hr\/wp-content\/uploads\/2024\/11\/support-150x150.png 150w\" sizes=\"(max-width: 256px) 100vw, 256px\" \/><\/figure><div class=\"elementor-image-box-content\"><h2 class=\"elementor-image-box-title\">Zusammenarbeit mit Rechtsanw\u00e4ltin Tina Joki\u0107<\/h2><p class=\"elementor-image-box-description\">Rechtsanw\u00e4ltin Beber kooperiert mit Rechtsanw\u00e4ltin Tina Joki\u0107 , um unseren Mandanten eine kontinuierliche, zeitnahe und umfassende Rechtsberatung zu bieten. Durch einen individuellen Ansatz k\u00f6nnen wir die Bed\u00fcrfnisse jedes Mandanten optimal erf\u00fcllen. <\/p><\/div><\/div>\t\t<\/div>\n\t\t\t\t<\/div>\n\t\t\t\t<div class=\"elementor-element elementor-element-4f31586 elementor-position-left elementor-vertical-align-middle animated-slow elementor-invisible elementor-widget elementor-widget-image-box\" data-id=\"4f31586\" data-element_type=\"widget\" data-settings=\"{&quot;_animation&quot;:&quot;fadeInUp&quot;,&quot;_animation_delay&quot;:0.3}\" data-widget_type=\"image-box.default\">\n\t\t\t\t<div class=\"elementor-widget-container\">\n\t\t\t<div class=\"elementor-image-box-wrapper\"><figure class=\"elementor-image-box-img\"><img decoding=\"async\" width=\"256\" height=\"256\" src=\"https:\/\/odvjetnica-beber.hr\/wp-content\/uploads\/2024\/11\/united.png\" class=\"attachment-full size-full wp-image-975\" alt=\"\" srcset=\"https:\/\/odvjetnica-beber.hr\/wp-content\/uploads\/2024\/11\/united.png 256w, https:\/\/odvjetnica-beber.hr\/wp-content\/uploads\/2024\/11\/united-150x150.png 150w\" sizes=\"(max-width: 256px) 100vw, 256px\" \/><\/figure><div class=\"elementor-image-box-content\"><h2 class=\"elementor-image-box-title\">Teamarbeit f\u00fcr eine ma\u00dfgeschneiderte Beratung:<\/h2><p class=\"elementor-image-box-description\">Unsere Teamarbeit erm\u00f6glicht einen individuellen Ansatz, der auf dem Austausch von Fachwissen und Erfahrungen basiert. Dies f\u00fchrt zu einer h\u00f6heren Qualit\u00e4t unserer Dienstleistungen und einer schnelleren L\u00f6sung rechtlicher Probleme unserer Mandanten.<\/p><\/div><\/div>\t\t<\/div>\n\t\t\t\t<\/div>\n\t\t\t\t\t<\/div>\n\t\t<\/div>\n\t\t\t\t<div class=\"elementor-column elementor-col-50 elementor-inner-column elementor-element elementor-element-c6e030e animated-slow elementor-invisible\" data-id=\"c6e030e\" data-element_type=\"column\" data-settings=\"{&quot;animation&quot;:&quot;fadeInRight&quot;}\">\n\t\t\t<div class=\"elementor-widget-wrap elementor-element-populated\">\n\t\t\t\t\t\t<div class=\"elementor-element elementor-element-8696a93 elementor-invisible elementor-widget elementor-widget-image\" data-id=\"8696a93\" data-element_type=\"widget\" data-settings=\"{&quot;_animation&quot;:&quot;fadeIn&quot;,&quot;_animation_delay&quot;:0.5}\" data-widget_type=\"image.default\">\n\t\t\t\t<div class=\"elementor-widget-container\">\n\t\t\t\t\t\t\t\t\t\t\t\t\t<img decoding=\"async\" width=\"1200\" height=\"1338\" src=\"https:\/\/odvjetnica-beber.hr\/wp-content\/uploads\/2024\/11\/tina-jokic-odvjetnica.jpg\" class=\"attachment-full size-full wp-image-968\" alt=\"\" srcset=\"https:\/\/odvjetnica-beber.hr\/wp-content\/uploads\/2024\/11\/tina-jokic-odvjetnica.jpg 1200w, https:\/\/odvjetnica-beber.hr\/wp-content\/uploads\/2024\/11\/tina-jokic-odvjetnica-269x300.jpg 269w, https:\/\/odvjetnica-beber.hr\/wp-content\/uploads\/2024\/11\/tina-jokic-odvjetnica-918x1024.jpg 918w, https:\/\/odvjetnica-beber.hr\/wp-content\/uploads\/2024\/11\/tina-jokic-odvjetnica-768x856.jpg 768w\" sizes=\"(max-width: 1200px) 100vw, 1200px\" \/>\t\t\t\t\t\t\t\t\t\t\t\t\t<\/div>\n\t\t\t\t<\/div>\n\t\t\t\t<div class=\"elementor-element elementor-element-694944f elementor-widget elementor-widget-text-editor\" data-id=\"694944f\" data-element_type=\"widget\" data-widget_type=\"text-editor.default\">\n\t\t\t\t<div class=\"elementor-widget-container\">\n\t\t\t\t\t\t\tWWW.ODVJETNICAJOKIC.HR\t\t\t\t\t\t<\/div>\n\t\t\t\t<\/div>\n\t\t\t\t\t<\/div>\n\t\t<\/div>\n\t\t\t\t\t<\/div>\n\t\t<\/section>\n\t\t\t\t\t<\/div>\n\t\t<\/div>\n\t\t\t\t\t<\/div>\n\t\t<\/section>\n\t\t\t\t<section class=\"elementor-section elementor-top-section elementor-element elementor-element-9255b1c animated-slow elementor-section-boxed elementor-section-height-default elementor-section-height-default elementor-invisible\" data-id=\"9255b1c\" data-element_type=\"section\" data-settings=\"{&quot;animation&quot;:&quot;fadeInUp&quot;}\">\n\t\t\t\t\t\t<div class=\"elementor-container elementor-column-gap-default\">\n\t\t\t\t\t<div class=\"elementor-column elementor-col-100 elementor-top-column elementor-element elementor-element-467d702\" data-id=\"467d702\" data-element_type=\"column\" data-settings=\"{&quot;background_background&quot;:&quot;classic&quot;}\">\n\t\t\t<div class=\"elementor-widget-wrap elementor-element-populated\">\n\t\t\t\t\t\t<div class=\"elementor-element elementor-element-6db6965 elementor-widget elementor-widget-heading\" data-id=\"6db6965\" data-element_type=\"widget\" data-widget_type=\"heading.default\">\n\t\t\t\t<div class=\"elementor-widget-container\">\n\t\t\t<h3 class=\"elementor-heading-title elementor-size-default\">Individuelle Rechtsl\u00f6sungen durch pers\u00f6nliche Betretung und fachliche Zusammenarbeit<\/h3>\t\t<\/div>\n\t\t\t\t<\/div>\n\t\t\t\t<div class=\"elementor-element elementor-element-096da98 elementor-align-center elementor-tablet-align-center elementor-mobile-align-justify elementor-widget elementor-widget-button\" data-id=\"096da98\" data-element_type=\"widget\" data-widget_type=\"button.default\">\n\t\t\t\t<div class=\"elementor-widget-container\">\n\t\t\t\t\t\t\t<div class=\"elementor-button-wrapper\">\n\t\t\t\t\t<a class=\"elementor-button elementor-button-link elementor-size-sm\" href=\"https:\/\/odvjetnica-beber.hr\/de\/kontakt\/\">\n\t\t\t\t\t\t<span class=\"elementor-button-content-wrapper\">\n\t\t\t\t\t\t<span class=\"elementor-button-icon\">\n\t\t\t\t<svg aria-hidden=\"true\" class=\"e-font-icon-svg e-fas-arrow-right\" viewBox=\"0 0 448 512\" xmlns=\"http:\/\/www.w3.org\/2000\/svg\"><path d=\"M190.5 66.9l22.2-22.2c9.4-9.4 24.6-9.4 33.9 0L441 239c9.4 9.4 9.4 24.6 0 33.9L246.6 467.3c-9.4 9.4-24.6 9.4-33.9 0l-22.2-22.2c-9.5-9.5-9.3-25 .4-34.3L311.4 296H24c-13.3 0-24-10.7-24-24v-32c0-13.3 10.7-24 24-24h287.4L190.9 101.2c-9.8-9.3-10-24.8-.4-34.3z\"><\/path><\/svg>\t\t\t<\/span>\n\t\t\t\t\t\t\t\t\t<span class=\"elementor-button-text\">Kontakt<\/span>\n\t\t\t\t\t<\/span>\n\t\t\t\t\t<\/a>\n\t\t\t\t<\/div>\n\t\t\t\t\t\t<\/div>\n\t\t\t\t<\/div>\n\t\t\t\t\t<\/div>\n\t\t<\/div>\n\t\t\t\t\t<\/div>\n\t\t<\/section>\n\t\t\t\t<\/div>\n\t\t","protected":false},"excerpt":{"rendered":"<p>POVEZANI UREDI Zusammenarbeit mit Rechtsanw\u00e4ltin Tina Joki\u0107 Rechtsanw\u00e4ltin Beber kooperiert mit Rechtsanw\u00e4ltin Tina Joki\u0107 , um unseren Mandanten eine kontinuierliche, zeitnahe und umfassende Rechtsberatung zu bieten. Durch einen individuellen Ansatz k\u00f6nnen wir die Bed\u00fcrfnisse jedes Mandanten optimal erf\u00fcllen. Teamarbeit f\u00fcr eine ma\u00dfgeschneiderte Beratung: Unsere Teamarbeit erm\u00f6glicht einen individuellen Ansatz, der auf dem Austausch von Fachwissen [&hellip;]<\/p>\n","protected":false},"author":1,"featured_media":0,"parent":0,"menu_order":0,"comment_status":"closed","ping_status":"closed","template":"elementor_header_footer","meta":{"footnotes":""},"class_list":["post-1028","page","type-page","status-publish","hentry"],"yoast_head":"<!-- This site is optimized with the Yoast SEO plugin v24.0 - https:\/\/yoast.com\/wordpress\/plugins\/seo\/ -->\n<title>Verbundene B\u00fcros - Odvjetnica Beber<\/title>\n<meta name=\"robots\" content=\"index, follow, max-snippet:-1, max-image-preview:large, max-video-preview:-1\" \/>\n<link rel=\"canonical\" href=\"https:\/\/odvjetnica-beber.hr\/povezani-uredi\/\" \/>\n<meta property=\"og:locale\" content=\"de_DE\" \/>\n<meta property=\"og:type\" content=\"article\" \/>\n<meta property=\"og:title\" content=\"Verbundene B\u00fcros - Odvjetnica Beber\" \/>\n<meta property=\"og:description\" content=\"POVEZANI UREDI Zusammenarbeit mit Rechtsanw\u00e4ltin Tina Joki\u0107 Rechtsanw\u00e4ltin Beber kooperiert mit Rechtsanw\u00e4ltin Tina Joki\u0107 , um unseren Mandanten eine kontinuierliche, zeitnahe und umfassende Rechtsberatung zu bieten. Durch einen individuellen Ansatz k\u00f6nnen wir die Bed\u00fcrfnisse jedes Mandanten optimal erf\u00fcllen. Teamarbeit f\u00fcr eine ma\u00dfgeschneiderte Beratung: Unsere Teamarbeit erm\u00f6glicht einen individuellen Ansatz, der auf dem Austausch von Fachwissen [&hellip;]\" \/>\n<meta property=\"og:url\" content=\"https:\/\/odvjetnica-beber.hr\/povezani-uredi\/\" \/>\n<meta property=\"og:site_name\" content=\"Odvjetnica Beber\" \/>\n<meta property=\"article:modified_time\" content=\"2025-01-04T15:53:00+00:00\" \/>\n<meta property=\"og:image\" content=\"https:\/\/odvjetnica-beber.hr\/wp-content\/uploads\/2024\/11\/support.png\" \/>\n\t<meta property=\"og:image:width\" content=\"256\" \/>\n\t<meta property=\"og:image:height\" content=\"256\" \/>\n\t<meta property=\"og:image:type\" content=\"image\/png\" \/>\n<meta name=\"twitter:card\" content=\"summary_large_image\" \/>\n<meta name=\"twitter:label1\" content=\"Gesch\u00e4tzte Lesezeit\" \/>\n\t<meta name=\"twitter:data1\" content=\"2\u00a0Minuten\" \/>\n<script type=\"application\/ld+json\" class=\"yoast-schema-graph\">{\"@context\":\"https:\/\/schema.org\",\"@graph\":[{\"@type\":\"WebPage\",\"@id\":\"https:\/\/odvjetnica-beber.hr\/povezani-uredi\/\",\"url\":\"https:\/\/odvjetnica-beber.hr\/povezani-uredi\/\",\"name\":\"Verbundene B\u00fcros - Odvjetnica Beber\",\"isPartOf\":{\"@id\":\"https:\/\/odvjetnica-beber.hr\/#website\"},\"primaryImageOfPage\":{\"@id\":\"https:\/\/odvjetnica-beber.hr\/povezani-uredi\/#primaryimage\"},\"image\":{\"@id\":\"https:\/\/odvjetnica-beber.hr\/povezani-uredi\/#primaryimage\"},\"thumbnailUrl\":\"https:\/\/odvjetnica-beber.hr\/wp-content\/uploads\/2024\/11\/support.png\",\"datePublished\":\"2024-12-06T10:16:58+00:00\",\"dateModified\":\"2025-01-04T15:53:00+00:00\",\"breadcrumb\":{\"@id\":\"https:\/\/odvjetnica-beber.hr\/povezani-uredi\/#breadcrumb\"},\"inLanguage\":\"de\",\"potentialAction\":[{\"@type\":\"ReadAction\",\"target\":[\"https:\/\/odvjetnica-beber.hr\/povezani-uredi\/\"]}]},{\"@type\":\"ImageObject\",\"inLanguage\":\"de\",\"@id\":\"https:\/\/odvjetnica-beber.hr\/povezani-uredi\/#primaryimage\",\"url\":\"https:\/\/odvjetnica-beber.hr\/wp-content\/uploads\/2024\/11\/support.png\",\"contentUrl\":\"https:\/\/odvjetnica-beber.hr\/wp-content\/uploads\/2024\/11\/support.png\"},{\"@type\":\"BreadcrumbList\",\"@id\":\"https:\/\/odvjetnica-beber.hr\/povezani-uredi\/#breadcrumb\",\"itemListElement\":[{\"@type\":\"ListItem\",\"position\":1,\"name\":\"Po\u010detna stranica\",\"item\":\"https:\/\/odvjetnica-beber.hr\/\"},{\"@type\":\"ListItem\",\"position\":2,\"name\":\"Verbundene B\u00fcros\"}]},{\"@type\":\"WebSite\",\"@id\":\"https:\/\/odvjetnica-beber.hr\/#website\",\"url\":\"https:\/\/odvjetnica-beber.hr\/\",\"name\":\"Odvjetnica Beber\",\"description\":\"\",\"publisher\":{\"@id\":\"https:\/\/odvjetnica-beber.hr\/#organization\"},\"potentialAction\":[{\"@type\":\"SearchAction\",\"target\":{\"@type\":\"EntryPoint\",\"urlTemplate\":\"https:\/\/odvjetnica-beber.hr\/?s={search_term_string}\"},\"query-input\":{\"@type\":\"PropertyValueSpecification\",\"valueRequired\":true,\"valueName\":\"search_term_string\"}}],\"inLanguage\":\"de\"},{\"@type\":\"Organization\",\"@id\":\"https:\/\/odvjetnica-beber.hr\/#organization\",\"name\":\"Odvjetnica Beber\",\"url\":\"https:\/\/odvjetnica-beber.hr\/\",\"logo\":{\"@type\":\"ImageObject\",\"inLanguage\":\"de\",\"@id\":\"https:\/\/odvjetnica-beber.hr\/#\/schema\/logo\/image\/\",\"url\":\"https:\/\/odvjetnica-beber.hr\/wp-content\/uploads\/2024\/11\/Asset-2.png\",\"contentUrl\":\"https:\/\/odvjetnica-beber.hr\/wp-content\/uploads\/2024\/11\/Asset-2.png\",\"width\":904,\"height\":166,\"caption\":\"Odvjetnica Beber\"},\"image\":{\"@id\":\"https:\/\/odvjetnica-beber.hr\/#\/schema\/logo\/image\/\"}}]}<\/script>\n<!-- \/ Yoast SEO plugin. -->","yoast_head_json":{"title":"Verbundene B\u00fcros - Odvjetnica Beber","robots":{"index":"index","follow":"follow","max-snippet":"max-snippet:-1","max-image-preview":"max-image-preview:large","max-video-preview":"max-video-preview:-1"},"canonical":"https:\/\/odvjetnica-beber.hr\/povezani-uredi\/","og_locale":"de_DE","og_type":"article","og_title":"Verbundene B\u00fcros - Odvjetnica Beber","og_description":"POVEZANI UREDI Zusammenarbeit mit Rechtsanw\u00e4ltin Tina Joki\u0107 Rechtsanw\u00e4ltin Beber kooperiert mit Rechtsanw\u00e4ltin Tina Joki\u0107 , um unseren Mandanten eine kontinuierliche, zeitnahe und umfassende Rechtsberatung zu bieten. Durch einen individuellen Ansatz k\u00f6nnen wir die Bed\u00fcrfnisse jedes Mandanten optimal erf\u00fcllen. Teamarbeit f\u00fcr eine ma\u00dfgeschneiderte Beratung: Unsere Teamarbeit erm\u00f6glicht einen individuellen Ansatz, der auf dem Austausch von Fachwissen [&hellip;]","og_url":"https:\/\/odvjetnica-beber.hr\/povezani-uredi\/","og_site_name":"Odvjetnica Beber","article_modified_time":"2025-01-04T15:53:00+00:00","og_image":[{"width":256,"height":256,"url":"https:\/\/odvjetnica-beber.hr\/wp-content\/uploads\/2024\/11\/support.png","type":"image\/png"}],"twitter_card":"summary_large_image","twitter_misc":{"Gesch\u00e4tzte Lesezeit":"2\u00a0Minuten"},"schema":{"@context":"https:\/\/schema.org","@graph":[{"@type":"WebPage","@id":"https:\/\/odvjetnica-beber.hr\/povezani-uredi\/","url":"https:\/\/odvjetnica-beber.hr\/povezani-uredi\/","name":"Verbundene B\u00fcros - Odvjetnica Beber","isPartOf":{"@id":"https:\/\/odvjetnica-beber.hr\/#website"},"primaryImageOfPage":{"@id":"https:\/\/odvjetnica-beber.hr\/povezani-uredi\/#primaryimage"},"image":{"@id":"https:\/\/odvjetnica-beber.hr\/povezani-uredi\/#primaryimage"},"thumbnailUrl":"https:\/\/odvjetnica-beber.hr\/wp-content\/uploads\/2024\/11\/support.png","datePublished":"2024-12-06T10:16:58+00:00","dateModified":"2025-01-04T15:53:00+00:00","breadcrumb":{"@id":"https:\/\/odvjetnica-beber.hr\/povezani-uredi\/#breadcrumb"},"inLanguage":"de","potentialAction":[{"@type":"ReadAction","target":["https:\/\/odvjetnica-beber.hr\/povezani-uredi\/"]}]},{"@type":"ImageObject","inLanguage":"de","@id":"https:\/\/odvjetnica-beber.hr\/povezani-uredi\/#primaryimage","url":"https:\/\/odvjetnica-beber.hr\/wp-content\/uploads\/2024\/11\/support.png","contentUrl":"https:\/\/odvjetnica-beber.hr\/wp-content\/uploads\/2024\/11\/support.png"},{"@type":"BreadcrumbList","@id":"https:\/\/odvjetnica-beber.hr\/povezani-uredi\/#breadcrumb","itemListElement":[{"@type":"ListItem","position":1,"name":"Po\u010detna stranica","item":"https:\/\/odvjetnica-beber.hr\/"},{"@type":"ListItem","position":2,"name":"Verbundene B\u00fcros"}]},{"@type":"WebSite","@id":"https:\/\/odvjetnica-beber.hr\/#website","url":"https:\/\/odvjetnica-beber.hr\/","name":"Odvjetnica Beber","description":"","publisher":{"@id":"https:\/\/odvjetnica-beber.hr\/#organization"},"potentialAction":[{"@type":"SearchAction","target":{"@type":"EntryPoint","urlTemplate":"https:\/\/odvjetnica-beber.hr\/?s={search_term_string}"},"query-input":{"@type":"PropertyValueSpecification","valueRequired":true,"valueName":"search_term_string"}}],"inLanguage":"de"},{"@type":"Organization","@id":"https:\/\/odvjetnica-beber.hr\/#organization","name":"Odvjetnica Beber","url":"https:\/\/odvjetnica-beber.hr\/","logo":{"@type":"ImageObject","inLanguage":"de","@id":"https:\/\/odvjetnica-beber.hr\/#\/schema\/logo\/image\/","url":"https:\/\/odvjetnica-beber.hr\/wp-content\/uploads\/2024\/11\/Asset-2.png","contentUrl":"https:\/\/odvjetnica-beber.hr\/wp-content\/uploads\/2024\/11\/Asset-2.png","width":904,"height":166,"caption":"Odvjetnica Beber"},"image":{"@id":"https:\/\/odvjetnica-beber.hr\/#\/schema\/logo\/image\/"}}]}},"_links":{"self":[{"href":"https:\/\/odvjetnica-beber.hr\/de\/wp-json\/wp\/v2\/pages\/1028","targetHints":{"allow":["GET"]}}],"collection":[{"href":"https:\/\/odvjetnica-beber.hr\/de\/wp-json\/wp\/v2\/pages"}],"about":[{"href":"https:\/\/odvjetnica-beber.hr\/de\/wp-json\/wp\/v2\/types\/page"}],"author":[{"embeddable":true,"href":"https:\/\/odvjetnica-beber.hr\/de\/wp-json\/wp\/v2\/users\/1"}],"replies":[{"embeddable":true,"href":"https:\/\/odvjetnica-beber.hr\/de\/wp-json\/wp\/v2\/comments?post=1028"}],"version-history":[{"count":7,"href":"https:\/\/odvjetnica-beber.hr\/de\/wp-json\/wp\/v2\/pages\/1028\/revisions"}],"predecessor-version":[{"id":1176,"href":"https:\/\/odvjetnica-beber.hr\/de\/wp-json\/wp\/v2\/pages\/1028\/revisions\/1176"}],"wp:attachment":[{"href":"https:\/\/odvjetnica-beber.hr\/de\/wp-json\/wp\/v2\/media?parent=1028"}],"curies":[{"name":"wp","href":"https:\/\/api.w.org\/{rel}","templated":true}]}}