{"id":1059,"date":"2024-12-14T14:06:32","date_gmt":"2024-12-14T13:06:32","guid":{"rendered":"https:\/\/odvjetnica-beber.hr\/?page_id=1059"},"modified":"2024-12-31T19:06:07","modified_gmt":"2024-12-31T18:06:07","slug":"nutzungsbedingungen-der-website","status":"publish","type":"page","link":"https:\/\/odvjetnica-beber.hr\/de\/nutzungsbedingungen-der-website\/","title":{"rendered":"Nutzungsbedingungen der Website"},"content":{"rendered":"\t\t<div data-elementor-type=\"wp-page\" data-elementor-id=\"1059\" class=\"elementor elementor-1059 elementor-607\" data-elementor-post-type=\"page\">\n\t\t\t\t\t\t<section class=\"elementor-section elementor-top-section elementor-element elementor-element-31ddfbd1 elementor-section-height-min-height animated-slow elementor-section-boxed elementor-section-height-default elementor-section-items-middle elementor-invisible\" data-id=\"31ddfbd1\" data-element_type=\"section\" data-settings=\"{&quot;background_background&quot;:&quot;classic&quot;,&quot;animation&quot;:&quot;fadeIn&quot;}\">\n\t\t\t\t\t\t\t<div class=\"elementor-background-overlay\"><\/div>\n\t\t\t\t\t\t\t<div class=\"elementor-container elementor-column-gap-extended\">\n\t\t\t\t\t<div class=\"elementor-column elementor-col-100 elementor-top-column elementor-element elementor-element-627b68de\" data-id=\"627b68de\" data-element_type=\"column\">\n\t\t\t<div class=\"elementor-widget-wrap elementor-element-populated\">\n\t\t\t\t\t\t<div class=\"elementor-element elementor-element-6c372cfa elementor-widget elementor-widget-heading\" data-id=\"6c372cfa\" data-element_type=\"widget\" data-widget_type=\"heading.default\">\n\t\t\t\t<div class=\"elementor-widget-container\">\n\t\t\t<h2 class=\"elementor-heading-title elementor-size-default\">Nutzungsbedingungen der Website<\/h2>\t\t<\/div>\n\t\t\t\t<\/div>\n\t\t\t\t\t<\/div>\n\t\t<\/div>\n\t\t\t\t\t<\/div>\n\t\t<\/section>\n\t\t<div class=\"elementor-element elementor-element-84967b7 e-flex e-con-boxed e-con e-parent\" data-id=\"84967b7\" data-element_type=\"container\">\n\t\t\t\t\t<div class=\"e-con-inner\">\n\t\t\t\t<div class=\"elementor-element elementor-element-6254ad4 elementor-widget elementor-widget-text-editor\" data-id=\"6254ad4\" data-element_type=\"widget\" data-widget_type=\"text-editor.default\">\n\t\t\t\t<div class=\"elementor-widget-container\">\n\t\t\t\t\t\t\t<p><span style=\"font-weight: 400;\">Der Zugang und die Nutzung der Website von Rechtsanw\u00e4ltin Marija Beber (im Folgenden: Rechtsanw\u00e4ltin) unterliegen diesen Nutzungsbedingungen, den geltenden Gesetzen und sonstigen gesetzlichen Bestimmungen. Diese Nutzungsbedingungen gelten f\u00fcr alle Besucher der Website. Durch die Nutzung dieser Website wird davon ausgegangen, dass der Nutzer die Nutzungsbedingungen gelesen und verstanden hat und diese vollst\u00e4ndig versteht und akzeptiert, einschlie\u00dflich der Bestimmungen zur Datenverarbeitung und der Regeln zu Cookies. Sollten Nutzer mit der Geltung der Nutzungsbedingungen nicht einverstanden sein, bittet Attorney sie, den Zugriff auf die Website zu unterlassen.<\/span><\/p><p><span style=\"font-weight: 400;\">Durch die Nutzung der Inhalte der Website akzeptiert der Nutzer alle m\u00f6glichen Risiken, die sich aus der Nutzung dieser Website ergeben, und erkl\u00e4rt sich damit einverstanden, die Inhalte dieser Website ausschlie\u00dflich f\u00fcr den pers\u00f6nlichen Gebrauch und auf eigenes Risiko zu nutzen.<\/span><\/p><p><span style=\"font-weight: 400;\">Die Rechtsanw\u00e4ltin lehnt jegliche Haftung, die sich in irgendeiner Weise aus der Nutzung dieser Website ergibt oder in irgendeiner Weise damit zusammenh\u00e4ngt, f\u00fcr etwaige Handlungen des Benutzers aufgrund der Nutzung oder des Missbrauchs des Inhalts dieser Website sowie f\u00fcr etwaige Sch\u00e4den vollst\u00e4ndig ab die dem Nutzer oder Dritten im Zusammenhang mit der Nutzung oder dem Missbrauch der Inhalte dieser Website entstehen k\u00f6nnen.<\/span><\/p><p><span style=\"font-weight: 400;\">Die Rechtsanw\u00e4ltin beh\u00e4lt sich das Recht vor, den Inhalt und die Nutzungsbedingungen der Website zu \u00e4ndern und den Zugriff auf die Website ohne vorherige Ank\u00fcndigung zu sperren, und haftet nicht f\u00fcr Sch\u00e4den, die sich aus solchen \u00c4nderungen ergeben.<\/span><\/p><p><span style=\"font-weight: 400;\">Die Rechtsanw\u00e4ltin ist bestrebt, alle Funktionalit\u00e4ten der Website aufrechtzuerhalten, kann jedoch nicht garantieren, dass alle Funktionalit\u00e4ten jederzeit verf\u00fcgbar sind, und haftet auch nicht f\u00fcr eine Nichtverf\u00fcgbarkeit der Website oder f\u00fcr Sch\u00e4den, die aufgrund einer Unterbrechung der Verf\u00fcgbarkeit, Nichtver\u00f6ffentlichung usw. entstehen k\u00f6nnen L\u00f6schung von Inhalten oder Fehler beim Betrieb der Website.<\/span><\/p><p><span style=\"font-weight: 400;\">Die Rechtsanw\u00e4ltin haftet nicht f\u00fcr den Inhalt oder die Verf\u00fcgbarkeit anderer Websites, auf die er durch Links verweist.<\/span><\/p><p><span style=\"font-weight: 400;\">Durch die Nutzung der Inhalte der Website der Rechtsanw\u00e4ltin erkl\u00e4ren sich die Nutzer mit diesen Bedingungen und allen Risiken, die sich aus der Nutzung dieser Website ergeben, vertraut und erkl\u00e4ren sich damit einverstanden, die Inhalte dieser Website ausschlie\u00dflich f\u00fcr nichtkommerzielle Zwecke, f\u00fcr den pers\u00f6nlichen Gebrauch und zu nutzen auf eigene Gefahr. Der Anwalt kann nicht f\u00fcr Sch\u00e4den haftbar gemacht werden, die sich aus der Nutzung jeglicher Teile des Inhalts der Website ergeben. Alle Informationen auf dieser Website dienen ausschlie\u00dflich Informationszwecken und sind nicht rechtsverbindlich. Der Anwalt haftet nicht f\u00fcr etwaige Folgen, die sich aus inhaltlichen \u00c4nderungen ergeben.<\/span><\/p><p><span style=\"font-weight: 400;\">Der gesamte auf der Website der Rechtsanw\u00e4ltin verf\u00fcgbare Inhalt ist urheberrechtlich gesch\u00fctzt.<\/span><\/p><p><span style=\"font-weight: 400;\">Dokumente, Fotos, Daten, Informationen sowie sonstige auf der Website ver\u00f6ffentlichte Inhalte d\u00fcrfen ohne ausdr\u00fcckliche schriftliche Genehmigung von Rechtsanw\u00e4ltin Marija Beber nicht reproduziert, kopiert, verbreitet, \u00fcbertragen, ver\u00f6ffentlicht oder in irgendeiner Weise f\u00fcr kommerzielle Zwecke genutzt werden und deren Verwendung in jegliche Art und Weise, die der Rechtsanw\u00e4ltin oder Dritten Schaden zuf\u00fcgen k\u00f6nnte, ist nicht gestattet.<\/span><\/p><p>\u00a0<\/p><p><span style=\"font-weight: 400;\">Die unbefugte Nutzung jeglicher Inhalte oder Teile der Website ohne die Erlaubnis des Urheberrechtsinhabers gilt als Urheberrechtsverletzung und unterliegt rechtlichen Sanktionen.<\/span><\/p><p><span style=\"font-weight: 400;\">Die auf diesen Websites ver\u00f6ffentlichten Dokumente, Daten und Informationen d\u00fcrfen nur f\u00fcr die individuellen Bed\u00fcrfnisse des Nutzers unter Wahrung aller Urheberrechte genutzt werden.<\/span><\/p><p><br style=\"font-weight: 400;\" \/><br style=\"font-weight: 400;\" \/><br \/><\/p>\t\t\t\t\t\t<\/div>\n\t\t\t\t<\/div>\n\t\t\t\t\t<\/div>\n\t\t\t\t<\/div>\n\t\t\t\t<\/div>\n\t\t","protected":false},"excerpt":{"rendered":"<p>Der Zugang und die Nutzung der Website von Rechtsanw\u00e4ltin Marija Beber (im Folgenden: Rechtsanw\u00e4ltin) unterliegen diesen Nutzungsbedingungen, den geltenden Gesetzen und sonstigen gesetzlichen Bestimmungen. Diese Nutzungsbedingungen gelten f\u00fcr alle Besucher der Website. Durch die Nutzung dieser Website wird davon ausgegangen, dass der Nutzer die Nutzungsbedingungen gelesen und verstanden hat und diese vollst\u00e4ndig versteht und akzeptiert, [&hellip;]<\/p>\n","protected":false},"author":1,"featured_media":0,"parent":0,"menu_order":0,"comment_status":"closed","ping_status":"closed","template":"elementor_header_footer","meta":{"footnotes":""},"class_list":["post-1059","page","type-page","status-publish","hentry"],"yoast_head":"<!-- This site is optimized with the Yoast SEO plugin v24.0 - https:\/\/yoast.com\/wordpress\/plugins\/seo\/ -->\n<title>Nutzungsbedingungen der Website - Odvjetnica Beber<\/title>\n<meta name=\"robots\" content=\"index, follow, max-snippet:-1, max-image-preview:large, max-video-preview:-1\" \/>\n<link rel=\"canonical\" href=\"https:\/\/odvjetnica-beber.hr\/de\/nutzungsbedingungen-der-website\/\" \/>\n<meta property=\"og:locale\" content=\"de_DE\" \/>\n<meta property=\"og:type\" content=\"article\" \/>\n<meta property=\"og:title\" content=\"Nutzungsbedingungen der Website - Odvjetnica Beber\" \/>\n<meta property=\"og:description\" content=\"Der Zugang und die Nutzung der Website von Rechtsanw\u00e4ltin Marija Beber (im Folgenden: Rechtsanw\u00e4ltin) unterliegen diesen Nutzungsbedingungen, den geltenden Gesetzen und sonstigen gesetzlichen Bestimmungen. Diese Nutzungsbedingungen gelten f\u00fcr alle Besucher der Website. Durch die Nutzung dieser Website wird davon ausgegangen, dass der Nutzer die Nutzungsbedingungen gelesen und verstanden hat und diese vollst\u00e4ndig versteht und akzeptiert, [&hellip;]\" \/>\n<meta property=\"og:url\" content=\"https:\/\/odvjetnica-beber.hr\/de\/nutzungsbedingungen-der-website\/\" \/>\n<meta property=\"og:site_name\" content=\"Odvjetnica Beber\" \/>\n<meta property=\"article:modified_time\" content=\"2024-12-31T18:06:07+00:00\" \/>\n<meta name=\"twitter:card\" content=\"summary_large_image\" \/>\n<meta name=\"twitter:label1\" content=\"Gesch\u00e4tzte Lesezeit\" \/>\n\t<meta name=\"twitter:data1\" content=\"3\u00a0Minuten\" \/>\n<script type=\"application\/ld+json\" class=\"yoast-schema-graph\">{\"@context\":\"https:\/\/schema.org\",\"@graph\":[{\"@type\":\"WebPage\",\"@id\":\"https:\/\/odvjetnica-beber.hr\/de\/nutzungsbedingungen-der-website\/\",\"url\":\"https:\/\/odvjetnica-beber.hr\/de\/nutzungsbedingungen-der-website\/\",\"name\":\"Nutzungsbedingungen der Website - Odvjetnica Beber\",\"isPartOf\":{\"@id\":\"https:\/\/odvjetnica-beber.hr\/#website\"},\"datePublished\":\"2024-12-14T13:06:32+00:00\",\"dateModified\":\"2024-12-31T18:06:07+00:00\",\"breadcrumb\":{\"@id\":\"https:\/\/odvjetnica-beber.hr\/de\/nutzungsbedingungen-der-website\/#breadcrumb\"},\"inLanguage\":\"de\",\"potentialAction\":[{\"@type\":\"ReadAction\",\"target\":[\"https:\/\/odvjetnica-beber.hr\/de\/nutzungsbedingungen-der-website\/\"]}]},{\"@type\":\"BreadcrumbList\",\"@id\":\"https:\/\/odvjetnica-beber.hr\/de\/nutzungsbedingungen-der-website\/#breadcrumb\",\"itemListElement\":[{\"@type\":\"ListItem\",\"position\":1,\"name\":\"Po\u010detna stranica\",\"item\":\"https:\/\/odvjetnica-beber.hr\/\"},{\"@type\":\"ListItem\",\"position\":2,\"name\":\"Nutzungsbedingungen der Website\"}]},{\"@type\":\"WebSite\",\"@id\":\"https:\/\/odvjetnica-beber.hr\/#website\",\"url\":\"https:\/\/odvjetnica-beber.hr\/\",\"name\":\"Odvjetnica Beber\",\"description\":\"\",\"publisher\":{\"@id\":\"https:\/\/odvjetnica-beber.hr\/#organization\"},\"potentialAction\":[{\"@type\":\"SearchAction\",\"target\":{\"@type\":\"EntryPoint\",\"urlTemplate\":\"https:\/\/odvjetnica-beber.hr\/?s={search_term_string}\"},\"query-input\":{\"@type\":\"PropertyValueSpecification\",\"valueRequired\":true,\"valueName\":\"search_term_string\"}}],\"inLanguage\":\"de\"},{\"@type\":\"Organization\",\"@id\":\"https:\/\/odvjetnica-beber.hr\/#organization\",\"name\":\"Odvjetnica Beber\",\"url\":\"https:\/\/odvjetnica-beber.hr\/\",\"logo\":{\"@type\":\"ImageObject\",\"inLanguage\":\"de\",\"@id\":\"https:\/\/odvjetnica-beber.hr\/#\/schema\/logo\/image\/\",\"url\":\"https:\/\/odvjetnica-beber.hr\/wp-content\/uploads\/2024\/11\/Asset-2.png\",\"contentUrl\":\"https:\/\/odvjetnica-beber.hr\/wp-content\/uploads\/2024\/11\/Asset-2.png\",\"width\":904,\"height\":166,\"caption\":\"Odvjetnica Beber\"},\"image\":{\"@id\":\"https:\/\/odvjetnica-beber.hr\/#\/schema\/logo\/image\/\"}}]}<\/script>\n<!-- \/ Yoast SEO plugin. -->","yoast_head_json":{"title":"Nutzungsbedingungen der Website - Odvjetnica Beber","robots":{"index":"index","follow":"follow","max-snippet":"max-snippet:-1","max-image-preview":"max-image-preview:large","max-video-preview":"max-video-preview:-1"},"canonical":"https:\/\/odvjetnica-beber.hr\/de\/nutzungsbedingungen-der-website\/","og_locale":"de_DE","og_type":"article","og_title":"Nutzungsbedingungen der Website - Odvjetnica Beber","og_description":"Der Zugang und die Nutzung der Website von Rechtsanw\u00e4ltin Marija Beber (im Folgenden: Rechtsanw\u00e4ltin) unterliegen diesen Nutzungsbedingungen, den geltenden Gesetzen und sonstigen gesetzlichen Bestimmungen. Diese Nutzungsbedingungen gelten f\u00fcr alle Besucher der Website. Durch die Nutzung dieser Website wird davon ausgegangen, dass der Nutzer die Nutzungsbedingungen gelesen und verstanden hat und diese vollst\u00e4ndig versteht und akzeptiert, [&hellip;]","og_url":"https:\/\/odvjetnica-beber.hr\/de\/nutzungsbedingungen-der-website\/","og_site_name":"Odvjetnica Beber","article_modified_time":"2024-12-31T18:06:07+00:00","twitter_card":"summary_large_image","twitter_misc":{"Gesch\u00e4tzte Lesezeit":"3\u00a0Minuten"},"schema":{"@context":"https:\/\/schema.org","@graph":[{"@type":"WebPage","@id":"https:\/\/odvjetnica-beber.hr\/de\/nutzungsbedingungen-der-website\/","url":"https:\/\/odvjetnica-beber.hr\/de\/nutzungsbedingungen-der-website\/","name":"Nutzungsbedingungen der Website - Odvjetnica Beber","isPartOf":{"@id":"https:\/\/odvjetnica-beber.hr\/#website"},"datePublished":"2024-12-14T13:06:32+00:00","dateModified":"2024-12-31T18:06:07+00:00","breadcrumb":{"@id":"https:\/\/odvjetnica-beber.hr\/de\/nutzungsbedingungen-der-website\/#breadcrumb"},"inLanguage":"de","potentialAction":[{"@type":"ReadAction","target":["https:\/\/odvjetnica-beber.hr\/de\/nutzungsbedingungen-der-website\/"]}]},{"@type":"BreadcrumbList","@id":"https:\/\/odvjetnica-beber.hr\/de\/nutzungsbedingungen-der-website\/#breadcrumb","itemListElement":[{"@type":"ListItem","position":1,"name":"Po\u010detna stranica","item":"https:\/\/odvjetnica-beber.hr\/"},{"@type":"ListItem","position":2,"name":"Nutzungsbedingungen der Website"}]},{"@type":"WebSite","@id":"https:\/\/odvjetnica-beber.hr\/#website","url":"https:\/\/odvjetnica-beber.hr\/","name":"Odvjetnica Beber","description":"","publisher":{"@id":"https:\/\/odvjetnica-beber.hr\/#organization"},"potentialAction":[{"@type":"SearchAction","target":{"@type":"EntryPoint","urlTemplate":"https:\/\/odvjetnica-beber.hr\/?s={search_term_string}"},"query-input":{"@type":"PropertyValueSpecification","valueRequired":true,"valueName":"search_term_string"}}],"inLanguage":"de"},{"@type":"Organization","@id":"https:\/\/odvjetnica-beber.hr\/#organization","name":"Odvjetnica Beber","url":"https:\/\/odvjetnica-beber.hr\/","logo":{"@type":"ImageObject","inLanguage":"de","@id":"https:\/\/odvjetnica-beber.hr\/#\/schema\/logo\/image\/","url":"https:\/\/odvjetnica-beber.hr\/wp-content\/uploads\/2024\/11\/Asset-2.png","contentUrl":"https:\/\/odvjetnica-beber.hr\/wp-content\/uploads\/2024\/11\/Asset-2.png","width":904,"height":166,"caption":"Odvjetnica Beber"},"image":{"@id":"https:\/\/odvjetnica-beber.hr\/#\/schema\/logo\/image\/"}}]}},"_links":{"self":[{"href":"https:\/\/odvjetnica-beber.hr\/de\/wp-json\/wp\/v2\/pages\/1059","targetHints":{"allow":["GET"]}}],"collection":[{"href":"https:\/\/odvjetnica-beber.hr\/de\/wp-json\/wp\/v2\/pages"}],"about":[{"href":"https:\/\/odvjetnica-beber.hr\/de\/wp-json\/wp\/v2\/types\/page"}],"author":[{"embeddable":true,"href":"https:\/\/odvjetnica-beber.hr\/de\/wp-json\/wp\/v2\/users\/1"}],"replies":[{"embeddable":true,"href":"https:\/\/odvjetnica-beber.hr\/de\/wp-json\/wp\/v2\/comments?post=1059"}],"version-history":[{"count":7,"href":"https:\/\/odvjetnica-beber.hr\/de\/wp-json\/wp\/v2\/pages\/1059\/revisions"}],"predecessor-version":[{"id":1097,"href":"https:\/\/odvjetnica-beber.hr\/de\/wp-json\/wp\/v2\/pages\/1059\/revisions\/1097"}],"wp:attachment":[{"href":"https:\/\/odvjetnica-beber.hr\/de\/wp-json\/wp\/v2\/media?parent=1059"}],"curies":[{"name":"wp","href":"https:\/\/api.w.org\/{rel}","templated":true}]}}