{"id":981,"date":"2024-11-06T15:29:59","date_gmt":"2024-11-06T14:29:59","guid":{"rendered":"https:\/\/odvjetnica-beber.hr\/?page_id=981"},"modified":"2025-01-03T14:35:05","modified_gmt":"2025-01-03T13:35:05","slug":"ueber-die-anwaltskanzlei","status":"publish","type":"page","link":"https:\/\/odvjetnica-beber.hr\/de\/ueber-die-anwaltskanzlei\/","title":{"rendered":"\u00dcber die Anwaltskanzlei"},"content":{"rendered":"\t\t<div data-elementor-type=\"wp-page\" data-elementor-id=\"981\" class=\"elementor elementor-981 elementor-275\" data-elementor-post-type=\"page\">\n\t\t\t\t\t\t<section class=\"elementor-section elementor-top-section elementor-element elementor-element-43ac2a8e elementor-section-height-min-height animated-slow elementor-section-boxed elementor-section-height-default elementor-section-items-middle elementor-invisible\" data-id=\"43ac2a8e\" data-element_type=\"section\" data-settings=\"{&quot;background_background&quot;:&quot;classic&quot;,&quot;animation&quot;:&quot;fadeIn&quot;}\">\n\t\t\t\t\t\t\t<div class=\"elementor-background-overlay\"><\/div>\n\t\t\t\t\t\t\t<div class=\"elementor-container elementor-column-gap-extended\">\n\t\t\t\t\t<div class=\"elementor-column elementor-col-100 elementor-top-column elementor-element elementor-element-36bc6e80\" data-id=\"36bc6e80\" data-element_type=\"column\">\n\t\t\t<div class=\"elementor-widget-wrap elementor-element-populated\">\n\t\t\t\t\t\t<div class=\"elementor-element elementor-element-459e90a1 elementor-widget elementor-widget-heading\" data-id=\"459e90a1\" data-element_type=\"widget\" data-widget_type=\"heading.default\">\n\t\t\t\t<div class=\"elementor-widget-container\">\n\t\t\t<h2 class=\"elementor-heading-title elementor-size-default\">\u00dcber die Anwaltskanzlei<\/h2>\t\t<\/div>\n\t\t\t\t<\/div>\n\t\t\t\t\t<\/div>\n\t\t<\/div>\n\t\t\t\t\t<\/div>\n\t\t<\/section>\n\t\t\t\t<section class=\"elementor-section elementor-top-section elementor-element elementor-element-353cddb elementor-section-content-middle elementor-section-boxed elementor-section-height-default elementor-section-height-default\" data-id=\"353cddb\" data-element_type=\"section\">\n\t\t\t\t\t\t<div class=\"elementor-container elementor-column-gap-extended\">\n\t\t\t\t\t<div class=\"elementor-column elementor-col-50 elementor-top-column elementor-element elementor-element-5039634 animated-slow elementor-invisible\" data-id=\"5039634\" data-element_type=\"column\" data-settings=\"{&quot;animation&quot;:&quot;fadeInLeft&quot;}\">\n\t\t\t<div class=\"elementor-widget-wrap elementor-element-populated\">\n\t\t\t\t\t\t<section class=\"elementor-section elementor-inner-section elementor-element elementor-element-20729a7 elementor-section-boxed elementor-section-height-default elementor-section-height-default\" data-id=\"20729a7\" data-element_type=\"section\">\n\t\t\t\t\t\t<div class=\"elementor-container elementor-column-gap-default\">\n\t\t\t\t\t<div class=\"elementor-column elementor-col-100 elementor-inner-column elementor-element elementor-element-ec005a8\" data-id=\"ec005a8\" data-element_type=\"column\">\n\t\t\t<div class=\"elementor-widget-wrap elementor-element-populated\">\n\t\t\t\t\t\t<div class=\"elementor-element elementor-element-8645ada elementor-widget__width-auto elementor-widget-divider--view-line elementor-widget elementor-widget-divider\" data-id=\"8645ada\" data-element_type=\"widget\" data-widget_type=\"divider.default\">\n\t\t\t\t<div class=\"elementor-widget-container\">\n\t\t\t\t\t<div class=\"elementor-divider\">\n\t\t\t<span class=\"elementor-divider-separator\">\n\t\t\t\t\t\t<\/span>\n\t\t<\/div>\n\t\t\t\t<\/div>\n\t\t\t\t<\/div>\n\t\t\t\t<div class=\"elementor-element elementor-element-2348d34 elementor-widget__width-auto elementor-widget elementor-widget-text-editor\" data-id=\"2348d34\" data-element_type=\"widget\" data-widget_type=\"text-editor.default\">\n\t\t\t\t<div class=\"elementor-widget-container\">\n\t\t\t\t\t\t\t<p>Rechtsanw\u00e4ltin Marija Beber<\/p>\t\t\t\t\t\t<\/div>\n\t\t\t\t<\/div>\n\t\t\t\t\t<\/div>\n\t\t<\/div>\n\t\t\t\t\t<\/div>\n\t\t<\/section>\n\t\t\t\t<div class=\"elementor-element elementor-element-d28d385 elementor-widget elementor-widget-text-editor\" data-id=\"d28d385\" data-element_type=\"widget\" data-widget_type=\"text-editor.default\">\n\t\t\t\t<div class=\"elementor-widget-container\">\n\t\t\t\t\t\t\t<ul style=\"list-style-type: square;\"><li><p><span style=\"font-weight: 400;\">Sprachgymnasium in Krapina\u00a0<\/span><\/p><\/li><li><p><span style=\"font-weight: 400;\">Juristische Fakult\u00e4t, Universit\u00e4t Zagreb, Master-Abschluss im Jahr 2012 <\/span><\/p><\/li><li><p><span style=\"font-weight: 400;\">die Rechtsanwaltspr\u00fcfung im Jahr 2014 bestandet<\/span><\/p><\/li><li><p><span style=\"font-weight: 400;\">Seit 2016 im Anwaltsregister der kroatischen Anwaltskammer eingetragen<\/span><\/p><\/li><li><p><span style=\"font-weight: 400;\">Seit 2018 besitzt sie ein Zertifikat im Bereich des \u00f6ffentlichen Beschaffungswesens, das vom Ministerium f\u00fcr Wirtschaft und nachhaltige Entwicklung ausgestellt wurde<\/span><\/p><\/li><li><p><span style=\"font-weight: 400;\">Sprachen: Englisch, Deutsch, Italienisch<\/span><\/p><\/li><\/ul>\t\t\t\t\t\t<\/div>\n\t\t\t\t<\/div>\n\t\t\t\t<section class=\"elementor-section elementor-inner-section elementor-element elementor-element-ae74542 elementor-section-content-middle elementor-section-boxed elementor-section-height-default elementor-section-height-default\" data-id=\"ae74542\" data-element_type=\"section\">\n\t\t\t\t\t\t<div class=\"elementor-container elementor-column-gap-default\">\n\t\t\t\t\t<div class=\"elementor-column elementor-col-50 elementor-inner-column elementor-element elementor-element-64e8a98\" data-id=\"64e8a98\" data-element_type=\"column\">\n\t\t\t<div class=\"elementor-widget-wrap elementor-element-populated\">\n\t\t\t\t\t\t<div class=\"elementor-element elementor-element-00ea2d5 elementor-widget elementor-widget-text-editor\" data-id=\"00ea2d5\" data-element_type=\"widget\" data-widget_type=\"text-editor.default\">\n\t\t\t\t<div class=\"elementor-widget-container\">\n\t\t\t\t\t\t\t<p><span style=\"font-weight: 400;\">Eine umfangreiche Kundenzufriedenheit.<\/span><\/p>\t\t\t\t\t\t<\/div>\n\t\t\t\t<\/div>\n\t\t\t\t\t<\/div>\n\t\t<\/div>\n\t\t\t\t<div class=\"elementor-column elementor-col-50 elementor-inner-column elementor-element elementor-element-f6764ab\" data-id=\"f6764ab\" data-element_type=\"column\">\n\t\t\t<div class=\"elementor-widget-wrap elementor-element-populated\">\n\t\t\t\t\t\t<div class=\"elementor-element elementor-element-2f4f7d5 elementor-widget__width-auto elementor-widget elementor-widget-counter\" data-id=\"2f4f7d5\" data-element_type=\"widget\" data-widget_type=\"counter.default\">\n\t\t\t\t<div class=\"elementor-widget-container\">\n\t\t\t\t\t<div class=\"elementor-counter\">\n\t\t\t<div class=\"elementor-counter-title\">Jahre Erfahrung<\/div>\t\t\t<div class=\"elementor-counter-number-wrapper\">\n\t\t\t\t<span class=\"elementor-counter-number-prefix\"><\/span>\n\t\t\t\t<span class=\"elementor-counter-number\" data-duration=\"2000\" data-to-value=\"10\" data-from-value=\"0\" data-delimiter=\",\">0<\/span>\n\t\t\t\t<span class=\"elementor-counter-number-suffix\">+<\/span>\n\t\t\t<\/div>\n\t\t<\/div>\n\t\t\t\t<\/div>\n\t\t\t\t<\/div>\n\t\t\t\t\t<\/div>\n\t\t<\/div>\n\t\t\t\t\t<\/div>\n\t\t<\/section>\n\t\t\t\t\t<\/div>\n\t\t<\/div>\n\t\t\t\t<div class=\"elementor-column elementor-col-50 elementor-top-column elementor-element elementor-element-c8a4b82 animated-slow elementor-invisible\" data-id=\"c8a4b82\" data-element_type=\"column\" data-settings=\"{&quot;animation&quot;:&quot;fadeInRight&quot;}\">\n\t\t\t<div class=\"elementor-widget-wrap elementor-element-populated\">\n\t\t\t\t\t\t<div class=\"elementor-element elementor-element-e948d97 elementor-widget elementor-widget-image\" data-id=\"e948d97\" data-element_type=\"widget\" data-widget_type=\"image.default\">\n\t\t\t\t<div class=\"elementor-widget-container\">\n\t\t\t\t\t\t\t\t\t\t\t\t\t<img fetchpriority=\"high\" decoding=\"async\" width=\"1142\" height=\"1600\" src=\"https:\/\/odvjetnica-beber.hr\/wp-content\/uploads\/2024\/11\/IMG-20240801-WA0020.jpg\" class=\"attachment-full size-full wp-image-967\" alt=\"\" srcset=\"https:\/\/odvjetnica-beber.hr\/wp-content\/uploads\/2024\/11\/IMG-20240801-WA0020.jpg 1142w, https:\/\/odvjetnica-beber.hr\/wp-content\/uploads\/2024\/11\/IMG-20240801-WA0020-214x300.jpg 214w, https:\/\/odvjetnica-beber.hr\/wp-content\/uploads\/2024\/11\/IMG-20240801-WA0020-731x1024.jpg 731w, https:\/\/odvjetnica-beber.hr\/wp-content\/uploads\/2024\/11\/IMG-20240801-WA0020-768x1076.jpg 768w, https:\/\/odvjetnica-beber.hr\/wp-content\/uploads\/2024\/11\/IMG-20240801-WA0020-1096x1536.jpg 1096w\" sizes=\"(max-width: 1142px) 100vw, 1142px\" \/>\t\t\t\t\t\t\t\t\t\t\t\t\t<\/div>\n\t\t\t\t<\/div>\n\t\t\t\t\t<\/div>\n\t\t<\/div>\n\t\t\t\t\t<\/div>\n\t\t<\/section>\n\t\t\t\t<section class=\"elementor-section elementor-top-section elementor-element elementor-element-67e1e832 animated-slow elementor-section-boxed elementor-section-height-default elementor-section-height-default elementor-invisible\" data-id=\"67e1e832\" data-element_type=\"section\" data-settings=\"{&quot;background_background&quot;:&quot;classic&quot;,&quot;animation&quot;:&quot;fadeInUp&quot;}\">\n\t\t\t\t\t\t\t<div class=\"elementor-background-overlay\"><\/div>\n\t\t\t\t\t\t\t<div class=\"elementor-container elementor-column-gap-extended\">\n\t\t\t\t\t<div class=\"elementor-column elementor-col-100 elementor-top-column elementor-element elementor-element-20a3d9f2\" data-id=\"20a3d9f2\" data-element_type=\"column\" data-settings=\"{&quot;background_background&quot;:&quot;classic&quot;}\">\n\t\t\t<div class=\"elementor-widget-wrap elementor-element-populated\">\n\t\t\t\t\t<div class=\"elementor-background-overlay\"><\/div>\n\t\t\t\t\t\t<section class=\"elementor-section elementor-inner-section elementor-element elementor-element-330f992 elementor-section-boxed elementor-section-height-default elementor-section-height-default\" data-id=\"330f992\" data-element_type=\"section\">\n\t\t\t\t\t\t<div class=\"elementor-container elementor-column-gap-default\">\n\t\t\t\t\t<div class=\"elementor-column elementor-col-100 elementor-inner-column elementor-element elementor-element-72fcf5c\" data-id=\"72fcf5c\" data-element_type=\"column\">\n\t\t\t<div class=\"elementor-widget-wrap elementor-element-populated\">\n\t\t\t\t\t\t<div class=\"elementor-element elementor-element-2b786492 elementor-widget elementor-widget-heading\" data-id=\"2b786492\" data-element_type=\"widget\" data-widget_type=\"heading.default\">\n\t\t\t\t<div class=\"elementor-widget-container\">\n\t\t\t<h2 class=\"elementor-heading-title elementor-size-default\">Nach ihrem Studium konzentrierte sich Rechtsanw\u00e4ltin Beber auf die Rechtsanwaltschaft und sammelte Berufserfahrung in der Rechtsberatung f\u00fcr in- und ausl\u00e4ndische Mandanten in verschiedenen Rechtsgebieten (insbesondere im Handelsrecht, Immobilienrecht, Arbeitsrecht und Vergaberecht) sowie in der Vertretung vor Gerichten und anderen Beh\u00f6rden. In ihrer Arbeit mit Mandanten pflegt sie einen direkten Ansatz, der auf die spezifischen Bed\u00fcrfnisse jedes Einzelfalls zugeschnitten ist, stets mit dem Ziel, gegenseitiges Vertrauen aufzubauen und die beste L\u00f6sung f\u00fcr die gesch\u00e4ftlichen und privaten Interessen der Mandanten zu finden.\n<\/h2>\t\t<\/div>\n\t\t\t\t<\/div>\n\t\t\t\t\t<\/div>\n\t\t<\/div>\n\t\t\t\t\t<\/div>\n\t\t<\/section>\n\t\t\t\t\t<\/div>\n\t\t<\/div>\n\t\t\t\t\t<\/div>\n\t\t<\/section>\n\t\t\t\t<\/div>\n\t\t","protected":false},"excerpt":{"rendered":"<p>Rechtsanw\u00e4ltin Marija Beber Sprachgymnasium in Krapina\u00a0 Juristische Fakult\u00e4t, Universit\u00e4t Zagreb, Master-Abschluss im Jahr 2012 die Rechtsanwaltspr\u00fcfung im Jahr 2014 bestandet Seit 2016 im Anwaltsregister der kroatischen Anwaltskammer eingetragen Seit 2018 besitzt sie ein Zertifikat im Bereich des \u00f6ffentlichen Beschaffungswesens, das vom Ministerium f\u00fcr Wirtschaft und nachhaltige Entwicklung ausgestellt wurde Sprachen: Englisch, Deutsch, Italienisch Eine umfangreiche [&hellip;]<\/p>\n","protected":false},"author":1,"featured_media":0,"parent":0,"menu_order":0,"comment_status":"closed","ping_status":"closed","template":"elementor_header_footer","meta":{"footnotes":""},"class_list":["post-981","page","type-page","status-publish","hentry"],"yoast_head":"<!-- This site is optimized with the Yoast SEO plugin v24.0 - https:\/\/yoast.com\/wordpress\/plugins\/seo\/ -->\n<title>\u00dcber die Anwaltskanzlei - Odvjetnica Beber<\/title>\n<meta name=\"robots\" content=\"index, follow, max-snippet:-1, max-image-preview:large, max-video-preview:-1\" \/>\n<link rel=\"canonical\" href=\"https:\/\/odvjetnica-beber.hr\/o-odvjetnickom-uredu\/\" \/>\n<meta property=\"og:locale\" content=\"de_DE\" \/>\n<meta property=\"og:type\" content=\"article\" \/>\n<meta property=\"og:title\" content=\"\u00dcber die Anwaltskanzlei - Odvjetnica Beber\" \/>\n<meta property=\"og:description\" content=\"Rechtsanw\u00e4ltin Marija Beber Sprachgymnasium in Krapina\u00a0 Juristische Fakult\u00e4t, Universit\u00e4t Zagreb, Master-Abschluss im Jahr 2012 die Rechtsanwaltspr\u00fcfung im Jahr 2014 bestandet Seit 2016 im Anwaltsregister der kroatischen Anwaltskammer eingetragen Seit 2018 besitzt sie ein Zertifikat im Bereich des \u00f6ffentlichen Beschaffungswesens, das vom Ministerium f\u00fcr Wirtschaft und nachhaltige Entwicklung ausgestellt wurde Sprachen: Englisch, Deutsch, Italienisch Eine umfangreiche [&hellip;]\" \/>\n<meta property=\"og:url\" content=\"https:\/\/odvjetnica-beber.hr\/o-odvjetnickom-uredu\/\" \/>\n<meta property=\"og:site_name\" content=\"Odvjetnica Beber\" \/>\n<meta property=\"article:modified_time\" content=\"2025-01-03T13:35:05+00:00\" \/>\n<meta property=\"og:image\" content=\"https:\/\/odvjetnica-beber.hr\/wp-content\/uploads\/2024\/11\/IMG-20240801-WA0020.jpg\" \/>\n\t<meta property=\"og:image:width\" content=\"1142\" \/>\n\t<meta property=\"og:image:height\" content=\"1600\" \/>\n\t<meta property=\"og:image:type\" content=\"image\/jpeg\" \/>\n<meta name=\"twitter:card\" content=\"summary_large_image\" \/>\n<meta name=\"twitter:label1\" content=\"Gesch\u00e4tzte Lesezeit\" \/>\n\t<meta name=\"twitter:data1\" content=\"1\u00a0Minute\" \/>\n<script type=\"application\/ld+json\" class=\"yoast-schema-graph\">{\"@context\":\"https:\/\/schema.org\",\"@graph\":[{\"@type\":\"WebPage\",\"@id\":\"https:\/\/odvjetnica-beber.hr\/o-odvjetnickom-uredu\/\",\"url\":\"https:\/\/odvjetnica-beber.hr\/o-odvjetnickom-uredu\/\",\"name\":\"\u00dcber die Anwaltskanzlei - Odvjetnica Beber\",\"isPartOf\":{\"@id\":\"https:\/\/odvjetnica-beber.hr\/#website\"},\"primaryImageOfPage\":{\"@id\":\"https:\/\/odvjetnica-beber.hr\/o-odvjetnickom-uredu\/#primaryimage\"},\"image\":{\"@id\":\"https:\/\/odvjetnica-beber.hr\/o-odvjetnickom-uredu\/#primaryimage\"},\"thumbnailUrl\":\"https:\/\/odvjetnica-beber.hr\/wp-content\/uploads\/2024\/11\/IMG-20240801-WA0020.jpg\",\"datePublished\":\"2024-11-06T14:29:59+00:00\",\"dateModified\":\"2025-01-03T13:35:05+00:00\",\"breadcrumb\":{\"@id\":\"https:\/\/odvjetnica-beber.hr\/o-odvjetnickom-uredu\/#breadcrumb\"},\"inLanguage\":\"de\",\"potentialAction\":[{\"@type\":\"ReadAction\",\"target\":[\"https:\/\/odvjetnica-beber.hr\/o-odvjetnickom-uredu\/\"]}]},{\"@type\":\"ImageObject\",\"inLanguage\":\"de\",\"@id\":\"https:\/\/odvjetnica-beber.hr\/o-odvjetnickom-uredu\/#primaryimage\",\"url\":\"https:\/\/odvjetnica-beber.hr\/wp-content\/uploads\/2024\/11\/IMG-20240801-WA0020.jpg\",\"contentUrl\":\"https:\/\/odvjetnica-beber.hr\/wp-content\/uploads\/2024\/11\/IMG-20240801-WA0020.jpg\"},{\"@type\":\"BreadcrumbList\",\"@id\":\"https:\/\/odvjetnica-beber.hr\/o-odvjetnickom-uredu\/#breadcrumb\",\"itemListElement\":[{\"@type\":\"ListItem\",\"position\":1,\"name\":\"Po\u010detna stranica\",\"item\":\"https:\/\/odvjetnica-beber.hr\/\"},{\"@type\":\"ListItem\",\"position\":2,\"name\":\"\u00dcber die Anwaltskanzlei\"}]},{\"@type\":\"WebSite\",\"@id\":\"https:\/\/odvjetnica-beber.hr\/#website\",\"url\":\"https:\/\/odvjetnica-beber.hr\/\",\"name\":\"Odvjetnica Beber\",\"description\":\"\",\"publisher\":{\"@id\":\"https:\/\/odvjetnica-beber.hr\/#organization\"},\"potentialAction\":[{\"@type\":\"SearchAction\",\"target\":{\"@type\":\"EntryPoint\",\"urlTemplate\":\"https:\/\/odvjetnica-beber.hr\/?s={search_term_string}\"},\"query-input\":{\"@type\":\"PropertyValueSpecification\",\"valueRequired\":true,\"valueName\":\"search_term_string\"}}],\"inLanguage\":\"de\"},{\"@type\":\"Organization\",\"@id\":\"https:\/\/odvjetnica-beber.hr\/#organization\",\"name\":\"Odvjetnica Beber\",\"url\":\"https:\/\/odvjetnica-beber.hr\/\",\"logo\":{\"@type\":\"ImageObject\",\"inLanguage\":\"de\",\"@id\":\"https:\/\/odvjetnica-beber.hr\/#\/schema\/logo\/image\/\",\"url\":\"https:\/\/odvjetnica-beber.hr\/wp-content\/uploads\/2024\/11\/Asset-2.png\",\"contentUrl\":\"https:\/\/odvjetnica-beber.hr\/wp-content\/uploads\/2024\/11\/Asset-2.png\",\"width\":904,\"height\":166,\"caption\":\"Odvjetnica Beber\"},\"image\":{\"@id\":\"https:\/\/odvjetnica-beber.hr\/#\/schema\/logo\/image\/\"}}]}<\/script>\n<!-- \/ Yoast SEO plugin. -->","yoast_head_json":{"title":"\u00dcber die Anwaltskanzlei - Odvjetnica Beber","robots":{"index":"index","follow":"follow","max-snippet":"max-snippet:-1","max-image-preview":"max-image-preview:large","max-video-preview":"max-video-preview:-1"},"canonical":"https:\/\/odvjetnica-beber.hr\/o-odvjetnickom-uredu\/","og_locale":"de_DE","og_type":"article","og_title":"\u00dcber die Anwaltskanzlei - Odvjetnica Beber","og_description":"Rechtsanw\u00e4ltin Marija Beber Sprachgymnasium in Krapina\u00a0 Juristische Fakult\u00e4t, Universit\u00e4t Zagreb, Master-Abschluss im Jahr 2012 die Rechtsanwaltspr\u00fcfung im Jahr 2014 bestandet Seit 2016 im Anwaltsregister der kroatischen Anwaltskammer eingetragen Seit 2018 besitzt sie ein Zertifikat im Bereich des \u00f6ffentlichen Beschaffungswesens, das vom Ministerium f\u00fcr Wirtschaft und nachhaltige Entwicklung ausgestellt wurde Sprachen: Englisch, Deutsch, Italienisch Eine umfangreiche [&hellip;]","og_url":"https:\/\/odvjetnica-beber.hr\/o-odvjetnickom-uredu\/","og_site_name":"Odvjetnica Beber","article_modified_time":"2025-01-03T13:35:05+00:00","og_image":[{"width":1142,"height":1600,"url":"https:\/\/odvjetnica-beber.hr\/wp-content\/uploads\/2024\/11\/IMG-20240801-WA0020.jpg","type":"image\/jpeg"}],"twitter_card":"summary_large_image","twitter_misc":{"Gesch\u00e4tzte Lesezeit":"1\u00a0Minute"},"schema":{"@context":"https:\/\/schema.org","@graph":[{"@type":"WebPage","@id":"https:\/\/odvjetnica-beber.hr\/o-odvjetnickom-uredu\/","url":"https:\/\/odvjetnica-beber.hr\/o-odvjetnickom-uredu\/","name":"\u00dcber die Anwaltskanzlei - Odvjetnica Beber","isPartOf":{"@id":"https:\/\/odvjetnica-beber.hr\/#website"},"primaryImageOfPage":{"@id":"https:\/\/odvjetnica-beber.hr\/o-odvjetnickom-uredu\/#primaryimage"},"image":{"@id":"https:\/\/odvjetnica-beber.hr\/o-odvjetnickom-uredu\/#primaryimage"},"thumbnailUrl":"https:\/\/odvjetnica-beber.hr\/wp-content\/uploads\/2024\/11\/IMG-20240801-WA0020.jpg","datePublished":"2024-11-06T14:29:59+00:00","dateModified":"2025-01-03T13:35:05+00:00","breadcrumb":{"@id":"https:\/\/odvjetnica-beber.hr\/o-odvjetnickom-uredu\/#breadcrumb"},"inLanguage":"de","potentialAction":[{"@type":"ReadAction","target":["https:\/\/odvjetnica-beber.hr\/o-odvjetnickom-uredu\/"]}]},{"@type":"ImageObject","inLanguage":"de","@id":"https:\/\/odvjetnica-beber.hr\/o-odvjetnickom-uredu\/#primaryimage","url":"https:\/\/odvjetnica-beber.hr\/wp-content\/uploads\/2024\/11\/IMG-20240801-WA0020.jpg","contentUrl":"https:\/\/odvjetnica-beber.hr\/wp-content\/uploads\/2024\/11\/IMG-20240801-WA0020.jpg"},{"@type":"BreadcrumbList","@id":"https:\/\/odvjetnica-beber.hr\/o-odvjetnickom-uredu\/#breadcrumb","itemListElement":[{"@type":"ListItem","position":1,"name":"Po\u010detna stranica","item":"https:\/\/odvjetnica-beber.hr\/"},{"@type":"ListItem","position":2,"name":"\u00dcber die Anwaltskanzlei"}]},{"@type":"WebSite","@id":"https:\/\/odvjetnica-beber.hr\/#website","url":"https:\/\/odvjetnica-beber.hr\/","name":"Odvjetnica Beber","description":"","publisher":{"@id":"https:\/\/odvjetnica-beber.hr\/#organization"},"potentialAction":[{"@type":"SearchAction","target":{"@type":"EntryPoint","urlTemplate":"https:\/\/odvjetnica-beber.hr\/?s={search_term_string}"},"query-input":{"@type":"PropertyValueSpecification","valueRequired":true,"valueName":"search_term_string"}}],"inLanguage":"de"},{"@type":"Organization","@id":"https:\/\/odvjetnica-beber.hr\/#organization","name":"Odvjetnica Beber","url":"https:\/\/odvjetnica-beber.hr\/","logo":{"@type":"ImageObject","inLanguage":"de","@id":"https:\/\/odvjetnica-beber.hr\/#\/schema\/logo\/image\/","url":"https:\/\/odvjetnica-beber.hr\/wp-content\/uploads\/2024\/11\/Asset-2.png","contentUrl":"https:\/\/odvjetnica-beber.hr\/wp-content\/uploads\/2024\/11\/Asset-2.png","width":904,"height":166,"caption":"Odvjetnica Beber"},"image":{"@id":"https:\/\/odvjetnica-beber.hr\/#\/schema\/logo\/image\/"}}]}},"_links":{"self":[{"href":"https:\/\/odvjetnica-beber.hr\/de\/wp-json\/wp\/v2\/pages\/981","targetHints":{"allow":["GET"]}}],"collection":[{"href":"https:\/\/odvjetnica-beber.hr\/de\/wp-json\/wp\/v2\/pages"}],"about":[{"href":"https:\/\/odvjetnica-beber.hr\/de\/wp-json\/wp\/v2\/types\/page"}],"author":[{"embeddable":true,"href":"https:\/\/odvjetnica-beber.hr\/de\/wp-json\/wp\/v2\/users\/1"}],"replies":[{"embeddable":true,"href":"https:\/\/odvjetnica-beber.hr\/de\/wp-json\/wp\/v2\/comments?post=981"}],"version-history":[{"count":7,"href":"https:\/\/odvjetnica-beber.hr\/de\/wp-json\/wp\/v2\/pages\/981\/revisions"}],"predecessor-version":[{"id":1160,"href":"https:\/\/odvjetnica-beber.hr\/de\/wp-json\/wp\/v2\/pages\/981\/revisions\/1160"}],"wp:attachment":[{"href":"https:\/\/odvjetnica-beber.hr\/de\/wp-json\/wp\/v2\/media?parent=981"}],"curies":[{"name":"wp","href":"https:\/\/api.w.org\/{rel}","templated":true}]}}