{"id":989,"date":"2024-11-11T11:13:13","date_gmt":"2024-11-11T10:13:13","guid":{"rendered":"https:\/\/odvjetnica-beber.hr\/?page_id=989"},"modified":"2024-12-31T18:59:10","modified_gmt":"2024-12-31T17:59:10","slug":"sachenrecht-und-grundbuchrecht","status":"publish","type":"page","link":"https:\/\/odvjetnica-beber.hr\/de\/sachenrecht-und-grundbuchrecht\/","title":{"rendered":"Sachenrecht und Grundbuchrecht"},"content":{"rendered":"\t\t<div data-elementor-type=\"wp-page\" data-elementor-id=\"989\" class=\"elementor elementor-989 elementor-329\" data-elementor-post-type=\"page\">\n\t\t\t\t\t\t<section class=\"elementor-section elementor-top-section elementor-element elementor-element-7cd04251 elementor-section-height-min-height animated-slow elementor-section-boxed elementor-section-height-default elementor-section-items-middle elementor-invisible\" data-id=\"7cd04251\" data-element_type=\"section\" data-settings=\"{&quot;background_background&quot;:&quot;classic&quot;,&quot;animation&quot;:&quot;fadeIn&quot;}\">\n\t\t\t\t\t\t\t<div class=\"elementor-background-overlay\"><\/div>\n\t\t\t\t\t\t\t<div class=\"elementor-container elementor-column-gap-extended\">\n\t\t\t\t\t<div class=\"elementor-column elementor-col-100 elementor-top-column elementor-element elementor-element-18caa23e\" data-id=\"18caa23e\" data-element_type=\"column\">\n\t\t\t<div class=\"elementor-widget-wrap elementor-element-populated\">\n\t\t\t\t\t\t<div class=\"elementor-element elementor-element-4f291f0f elementor-widget elementor-widget-heading\" data-id=\"4f291f0f\" data-element_type=\"widget\" data-widget_type=\"heading.default\">\n\t\t\t\t<div class=\"elementor-widget-container\">\n\t\t\t<h2 class=\"elementor-heading-title elementor-size-default\">Sachenrecht und Grundbuchrecht<\/h2>\t\t<\/div>\n\t\t\t\t<\/div>\n\t\t\t\t\t<\/div>\n\t\t<\/div>\n\t\t\t\t\t<\/div>\n\t\t<\/section>\n\t\t\t\t<section class=\"elementor-section elementor-top-section elementor-element elementor-element-46d838e4 elementor-section-boxed elementor-section-height-default elementor-section-height-default\" data-id=\"46d838e4\" data-element_type=\"section\">\n\t\t\t\t\t\t<div class=\"elementor-container elementor-column-gap-extended\">\n\t\t\t\t\t<div class=\"elementor-column elementor-col-50 elementor-top-column elementor-element elementor-element-2b556a6a animated-slow elementor-invisible\" data-id=\"2b556a6a\" data-element_type=\"column\" data-settings=\"{&quot;animation&quot;:&quot;fadeInLeft&quot;}\">\n\t\t\t<div class=\"elementor-widget-wrap elementor-element-populated\">\n\t\t\t\t\t\t<div class=\"elementor-element elementor-element-8803bd7 elementor-widget-mobile__width-initial elementor-widget elementor-widget-heading\" data-id=\"8803bd7\" data-element_type=\"widget\" data-widget_type=\"heading.default\">\n\t\t\t\t<div class=\"elementor-widget-container\">\n\t\t\t<h4 class=\"elementor-heading-title elementor-size-default\">Was wir anbieten:<\/h4>\t\t<\/div>\n\t\t\t\t<\/div>\n\t\t\t\t<div class=\"elementor-element elementor-element-29e1949c elementor-widget elementor-widget-text-editor\" data-id=\"29e1949c\" data-element_type=\"widget\" data-widget_type=\"text-editor.default\">\n\t\t\t\t<div class=\"elementor-widget-container\">\n\t\t\t\t\t\t\t<ul><li style=\"font-weight: 400;\" aria-level=\"1\"><span style=\"font-weight: 400;\">Erstellung und Durchf\u00fchrung rechtlicher Analysen zum Immobilienstatus<\/span><\/li><li style=\"font-weight: 400;\" aria-level=\"1\"><span style=\"font-weight: 400;\">Erstellung von Dokumenten im Zusammenhang mit dem Erwerb und der Verwaltung von Immobilien, einschlie\u00dflich der Erstellung und Beratung zu Teilungsvertr\u00e4gen, Miteigentumsvertr\u00e4gen, Mietverh\u00e4ltnissen, Baurechten, Immobilienverwaltung<\/span><\/li><li style=\"font-weight: 400;\" aria-level=\"1\"><span style=\"font-weight: 400;\">Erwerb von Immobilien in Gerichtsverfahren (Insolvenz, Zwangsvollstreckung)<\/span><\/li><li style=\"font-weight: 400;\" aria-level=\"1\"><span style=\"font-weight: 400;\">Beratung und Vertretung in Verfahren zur Feststellung und zum Schutz des Eigentumsrechts, zum Erwerb von Eigentum durch Ersitzung, zu Besitzst\u00f6rungen<\/span><\/li><li style=\"font-weight: 400;\" aria-level=\"1\"><span style=\"font-weight: 400;\">Vertretung in Grundbuchverfahren (Vormerkungen, Eintragungen, Eintragungen und andere Grundbuchverfahren)<\/span><\/li><li style=\"font-weight: 400;\" aria-level=\"1\"><span style=\"font-weight: 400;\">Vertretung vor Grundbuchabteilungen in Grundbuchverfahren (einzelne Grundbuchsrechtsverfahren, Erneuerung von Grundb\u00fcchern, Zusammenf\u00fchrungsverfahren)<\/span><\/li><li style=\"font-weight: 400;\" aria-level=\"1\"><span style=\"font-weight: 400;\">Verfahren zur Anpassung des Kataster- und Grundbuchzustands von Immobilien<\/span><\/li><\/ul>\t\t\t\t\t\t<\/div>\n\t\t\t\t<\/div>\n\t\t\t\t\t<\/div>\n\t\t<\/div>\n\t\t\t\t<div class=\"elementor-column elementor-col-50 elementor-top-column elementor-element elementor-element-52ef69bc animated-slow elementor-invisible\" data-id=\"52ef69bc\" data-element_type=\"column\" data-settings=\"{&quot;animation&quot;:&quot;fadeInRight&quot;}\">\n\t\t\t<div class=\"elementor-widget-wrap elementor-element-populated\">\n\t\t\t\t\t\t<section class=\"elementor-section elementor-inner-section elementor-element elementor-element-4eed2971 elementor-section-boxed elementor-section-height-default elementor-section-height-default\" data-id=\"4eed2971\" data-element_type=\"section\">\n\t\t\t\t\t\t<div class=\"elementor-container elementor-column-gap-default\">\n\t\t\t\t\t<div class=\"elementor-column elementor-col-100 elementor-inner-column elementor-element elementor-element-88d7666\" data-id=\"88d7666\" data-element_type=\"column\" data-settings=\"{&quot;background_background&quot;:&quot;classic&quot;}\">\n\t\t\t<div class=\"elementor-widget-wrap elementor-element-populated\">\n\t\t\t\t\t\t<div class=\"elementor-element elementor-element-79877f28 elementor-widget elementor-widget-text-editor\" data-id=\"79877f28\" data-element_type=\"widget\" data-widget_type=\"text-editor.default\">\n\t\t\t\t<div class=\"elementor-widget-container\">\n\t\t\t\t\t\t\t<p><span style=\"font-weight: 400;\">Fordern Sie eine Beratung an.<\/span><\/p>\t\t\t\t\t\t<\/div>\n\t\t\t\t<\/div>\n\t\t\t\t<div class=\"elementor-element elementor-element-5e9f7b2b elementor-widget elementor-widget-heading\" data-id=\"5e9f7b2b\" data-element_type=\"widget\" data-widget_type=\"heading.default\">\n\t\t\t\t<div class=\"elementor-widget-container\">\n\t\t\t<h2 class=\"elementor-heading-title elementor-size-default\">Erfahren Sie mehr \u00fcber die M\u00f6glichkeiten und L\u00f6sungen f\u00fcr Ihren Fall.<\/h2>\t\t<\/div>\n\t\t\t\t<\/div>\n\t\t\t\t<div class=\"elementor-element elementor-element-3ce089e8 elementor-align-left elementor-tablet-align-left elementor-widget elementor-widget-button\" data-id=\"3ce089e8\" data-element_type=\"widget\" data-widget_type=\"button.default\">\n\t\t\t\t<div class=\"elementor-widget-container\">\n\t\t\t\t\t\t\t<div class=\"elementor-button-wrapper\">\n\t\t\t\t\t<a class=\"elementor-button elementor-button-link elementor-size-sm\" href=\"https:\/\/odvjetnica-beber.hr\/de\/kontakt\/\">\n\t\t\t\t\t\t<span class=\"elementor-button-content-wrapper\">\n\t\t\t\t\t\t<span class=\"elementor-button-icon\">\n\t\t\t\t<svg aria-hidden=\"true\" class=\"e-font-icon-svg e-fas-arrow-right\" viewBox=\"0 0 448 512\" xmlns=\"http:\/\/www.w3.org\/2000\/svg\"><path d=\"M190.5 66.9l22.2-22.2c9.4-9.4 24.6-9.4 33.9 0L441 239c9.4 9.4 9.4 24.6 0 33.9L246.6 467.3c-9.4 9.4-24.6 9.4-33.9 0l-22.2-22.2c-9.5-9.5-9.3-25 .4-34.3L311.4 296H24c-13.3 0-24-10.7-24-24v-32c0-13.3 10.7-24 24-24h287.4L190.9 101.2c-9.8-9.3-10-24.8-.4-34.3z\"><\/path><\/svg>\t\t\t<\/span>\n\t\t\t\t\t\t\t\t\t<span class=\"elementor-button-text\">kontakt<\/span>\n\t\t\t\t\t<\/span>\n\t\t\t\t\t<\/a>\n\t\t\t\t<\/div>\n\t\t\t\t\t\t<\/div>\n\t\t\t\t<\/div>\n\t\t\t\t\t<\/div>\n\t\t<\/div>\n\t\t\t\t\t<\/div>\n\t\t<\/section>\n\t\t\t\t\t<\/div>\n\t\t<\/div>\n\t\t\t\t\t<\/div>\n\t\t<\/section>\n\t\t\t\t<\/div>\n\t\t","protected":false},"excerpt":{"rendered":"<p>Was wir anbieten: Erstellung und Durchf\u00fchrung rechtlicher Analysen zum Immobilienstatus Erstellung von Dokumenten im Zusammenhang mit dem Erwerb und der Verwaltung von Immobilien, einschlie\u00dflich der Erstellung und Beratung zu Teilungsvertr\u00e4gen, Miteigentumsvertr\u00e4gen, Mietverh\u00e4ltnissen, Baurechten, Immobilienverwaltung Erwerb von Immobilien in Gerichtsverfahren (Insolvenz, Zwangsvollstreckung) Beratung und Vertretung in Verfahren zur Feststellung und zum Schutz des Eigentumsrechts, zum Erwerb [&hellip;]<\/p>\n","protected":false},"author":1,"featured_media":0,"parent":0,"menu_order":0,"comment_status":"closed","ping_status":"closed","template":"elementor_header_footer","meta":{"footnotes":""},"class_list":["post-989","page","type-page","status-publish","hentry"],"yoast_head":"<!-- This site is optimized with the Yoast SEO plugin v24.0 - https:\/\/yoast.com\/wordpress\/plugins\/seo\/ -->\n<title>Sachenrecht und Grundbuchrecht - Odvjetnica Beber<\/title>\n<meta name=\"robots\" content=\"index, follow, max-snippet:-1, max-image-preview:large, max-video-preview:-1\" \/>\n<link rel=\"canonical\" href=\"https:\/\/odvjetnica-beber.hr\/de\/sachenrecht-und-grundbuchrecht\/\" \/>\n<meta property=\"og:locale\" content=\"de_DE\" \/>\n<meta property=\"og:type\" content=\"article\" \/>\n<meta property=\"og:title\" content=\"Sachenrecht und Grundbuchrecht - Odvjetnica Beber\" \/>\n<meta property=\"og:description\" content=\"Was wir anbieten: Erstellung und Durchf\u00fchrung rechtlicher Analysen zum Immobilienstatus Erstellung von Dokumenten im Zusammenhang mit dem Erwerb und der Verwaltung von Immobilien, einschlie\u00dflich der Erstellung und Beratung zu Teilungsvertr\u00e4gen, Miteigentumsvertr\u00e4gen, Mietverh\u00e4ltnissen, Baurechten, Immobilienverwaltung Erwerb von Immobilien in Gerichtsverfahren (Insolvenz, Zwangsvollstreckung) Beratung und Vertretung in Verfahren zur Feststellung und zum Schutz des Eigentumsrechts, zum Erwerb [&hellip;]\" \/>\n<meta property=\"og:url\" content=\"https:\/\/odvjetnica-beber.hr\/de\/sachenrecht-und-grundbuchrecht\/\" \/>\n<meta property=\"og:site_name\" content=\"Odvjetnica Beber\" \/>\n<meta property=\"article:modified_time\" content=\"2024-12-31T17:59:10+00:00\" \/>\n<meta name=\"twitter:card\" content=\"summary_large_image\" \/>\n<meta name=\"twitter:label1\" content=\"Gesch\u00e4tzte Lesezeit\" \/>\n\t<meta name=\"twitter:data1\" content=\"1\u00a0Minute\" \/>\n<script type=\"application\/ld+json\" class=\"yoast-schema-graph\">{\"@context\":\"https:\/\/schema.org\",\"@graph\":[{\"@type\":\"WebPage\",\"@id\":\"https:\/\/odvjetnica-beber.hr\/de\/sachenrecht-und-grundbuchrecht\/\",\"url\":\"https:\/\/odvjetnica-beber.hr\/de\/sachenrecht-und-grundbuchrecht\/\",\"name\":\"Sachenrecht und Grundbuchrecht - Odvjetnica Beber\",\"isPartOf\":{\"@id\":\"https:\/\/odvjetnica-beber.hr\/#website\"},\"datePublished\":\"2024-11-11T10:13:13+00:00\",\"dateModified\":\"2024-12-31T17:59:10+00:00\",\"breadcrumb\":{\"@id\":\"https:\/\/odvjetnica-beber.hr\/de\/sachenrecht-und-grundbuchrecht\/#breadcrumb\"},\"inLanguage\":\"de\",\"potentialAction\":[{\"@type\":\"ReadAction\",\"target\":[\"https:\/\/odvjetnica-beber.hr\/de\/sachenrecht-und-grundbuchrecht\/\"]}]},{\"@type\":\"BreadcrumbList\",\"@id\":\"https:\/\/odvjetnica-beber.hr\/de\/sachenrecht-und-grundbuchrecht\/#breadcrumb\",\"itemListElement\":[{\"@type\":\"ListItem\",\"position\":1,\"name\":\"Po\u010detna stranica\",\"item\":\"https:\/\/odvjetnica-beber.hr\/\"},{\"@type\":\"ListItem\",\"position\":2,\"name\":\"Sachenrecht und Grundbuchrecht\"}]},{\"@type\":\"WebSite\",\"@id\":\"https:\/\/odvjetnica-beber.hr\/#website\",\"url\":\"https:\/\/odvjetnica-beber.hr\/\",\"name\":\"Odvjetnica Beber\",\"description\":\"\",\"publisher\":{\"@id\":\"https:\/\/odvjetnica-beber.hr\/#organization\"},\"potentialAction\":[{\"@type\":\"SearchAction\",\"target\":{\"@type\":\"EntryPoint\",\"urlTemplate\":\"https:\/\/odvjetnica-beber.hr\/?s={search_term_string}\"},\"query-input\":{\"@type\":\"PropertyValueSpecification\",\"valueRequired\":true,\"valueName\":\"search_term_string\"}}],\"inLanguage\":\"de\"},{\"@type\":\"Organization\",\"@id\":\"https:\/\/odvjetnica-beber.hr\/#organization\",\"name\":\"Odvjetnica Beber\",\"url\":\"https:\/\/odvjetnica-beber.hr\/\",\"logo\":{\"@type\":\"ImageObject\",\"inLanguage\":\"de\",\"@id\":\"https:\/\/odvjetnica-beber.hr\/#\/schema\/logo\/image\/\",\"url\":\"https:\/\/odvjetnica-beber.hr\/wp-content\/uploads\/2024\/11\/Asset-2.png\",\"contentUrl\":\"https:\/\/odvjetnica-beber.hr\/wp-content\/uploads\/2024\/11\/Asset-2.png\",\"width\":904,\"height\":166,\"caption\":\"Odvjetnica Beber\"},\"image\":{\"@id\":\"https:\/\/odvjetnica-beber.hr\/#\/schema\/logo\/image\/\"}}]}<\/script>\n<!-- \/ Yoast SEO plugin. -->","yoast_head_json":{"title":"Sachenrecht und Grundbuchrecht - Odvjetnica Beber","robots":{"index":"index","follow":"follow","max-snippet":"max-snippet:-1","max-image-preview":"max-image-preview:large","max-video-preview":"max-video-preview:-1"},"canonical":"https:\/\/odvjetnica-beber.hr\/de\/sachenrecht-und-grundbuchrecht\/","og_locale":"de_DE","og_type":"article","og_title":"Sachenrecht und Grundbuchrecht - Odvjetnica Beber","og_description":"Was wir anbieten: Erstellung und Durchf\u00fchrung rechtlicher Analysen zum Immobilienstatus Erstellung von Dokumenten im Zusammenhang mit dem Erwerb und der Verwaltung von Immobilien, einschlie\u00dflich der Erstellung und Beratung zu Teilungsvertr\u00e4gen, Miteigentumsvertr\u00e4gen, Mietverh\u00e4ltnissen, Baurechten, Immobilienverwaltung Erwerb von Immobilien in Gerichtsverfahren (Insolvenz, Zwangsvollstreckung) Beratung und Vertretung in Verfahren zur Feststellung und zum Schutz des Eigentumsrechts, zum Erwerb [&hellip;]","og_url":"https:\/\/odvjetnica-beber.hr\/de\/sachenrecht-und-grundbuchrecht\/","og_site_name":"Odvjetnica Beber","article_modified_time":"2024-12-31T17:59:10+00:00","twitter_card":"summary_large_image","twitter_misc":{"Gesch\u00e4tzte Lesezeit":"1\u00a0Minute"},"schema":{"@context":"https:\/\/schema.org","@graph":[{"@type":"WebPage","@id":"https:\/\/odvjetnica-beber.hr\/de\/sachenrecht-und-grundbuchrecht\/","url":"https:\/\/odvjetnica-beber.hr\/de\/sachenrecht-und-grundbuchrecht\/","name":"Sachenrecht und Grundbuchrecht - Odvjetnica Beber","isPartOf":{"@id":"https:\/\/odvjetnica-beber.hr\/#website"},"datePublished":"2024-11-11T10:13:13+00:00","dateModified":"2024-12-31T17:59:10+00:00","breadcrumb":{"@id":"https:\/\/odvjetnica-beber.hr\/de\/sachenrecht-und-grundbuchrecht\/#breadcrumb"},"inLanguage":"de","potentialAction":[{"@type":"ReadAction","target":["https:\/\/odvjetnica-beber.hr\/de\/sachenrecht-und-grundbuchrecht\/"]}]},{"@type":"BreadcrumbList","@id":"https:\/\/odvjetnica-beber.hr\/de\/sachenrecht-und-grundbuchrecht\/#breadcrumb","itemListElement":[{"@type":"ListItem","position":1,"name":"Po\u010detna stranica","item":"https:\/\/odvjetnica-beber.hr\/"},{"@type":"ListItem","position":2,"name":"Sachenrecht und Grundbuchrecht"}]},{"@type":"WebSite","@id":"https:\/\/odvjetnica-beber.hr\/#website","url":"https:\/\/odvjetnica-beber.hr\/","name":"Odvjetnica Beber","description":"","publisher":{"@id":"https:\/\/odvjetnica-beber.hr\/#organization"},"potentialAction":[{"@type":"SearchAction","target":{"@type":"EntryPoint","urlTemplate":"https:\/\/odvjetnica-beber.hr\/?s={search_term_string}"},"query-input":{"@type":"PropertyValueSpecification","valueRequired":true,"valueName":"search_term_string"}}],"inLanguage":"de"},{"@type":"Organization","@id":"https:\/\/odvjetnica-beber.hr\/#organization","name":"Odvjetnica Beber","url":"https:\/\/odvjetnica-beber.hr\/","logo":{"@type":"ImageObject","inLanguage":"de","@id":"https:\/\/odvjetnica-beber.hr\/#\/schema\/logo\/image\/","url":"https:\/\/odvjetnica-beber.hr\/wp-content\/uploads\/2024\/11\/Asset-2.png","contentUrl":"https:\/\/odvjetnica-beber.hr\/wp-content\/uploads\/2024\/11\/Asset-2.png","width":904,"height":166,"caption":"Odvjetnica Beber"},"image":{"@id":"https:\/\/odvjetnica-beber.hr\/#\/schema\/logo\/image\/"}}]}},"_links":{"self":[{"href":"https:\/\/odvjetnica-beber.hr\/de\/wp-json\/wp\/v2\/pages\/989","targetHints":{"allow":["GET"]}}],"collection":[{"href":"https:\/\/odvjetnica-beber.hr\/de\/wp-json\/wp\/v2\/pages"}],"about":[{"href":"https:\/\/odvjetnica-beber.hr\/de\/wp-json\/wp\/v2\/types\/page"}],"author":[{"embeddable":true,"href":"https:\/\/odvjetnica-beber.hr\/de\/wp-json\/wp\/v2\/users\/1"}],"replies":[{"embeddable":true,"href":"https:\/\/odvjetnica-beber.hr\/de\/wp-json\/wp\/v2\/comments?post=989"}],"version-history":[{"count":7,"href":"https:\/\/odvjetnica-beber.hr\/de\/wp-json\/wp\/v2\/pages\/989\/revisions"}],"predecessor-version":[{"id":1083,"href":"https:\/\/odvjetnica-beber.hr\/de\/wp-json\/wp\/v2\/pages\/989\/revisions\/1083"}],"wp:attachment":[{"href":"https:\/\/odvjetnica-beber.hr\/de\/wp-json\/wp\/v2\/media?parent=989"}],"curies":[{"name":"wp","href":"https:\/\/api.w.org\/{rel}","templated":true}]}}