{"id":995,"date":"2024-11-11T11:15:42","date_gmt":"2024-11-11T10:15:42","guid":{"rendered":"https:\/\/odvjetnica-beber.hr\/?page_id=995"},"modified":"2024-12-31T18:58:25","modified_gmt":"2024-12-31T17:58:25","slug":"handelsrecht","status":"publish","type":"page","link":"https:\/\/odvjetnica-beber.hr\/de\/handelsrecht\/","title":{"rendered":"Handelsrecht"},"content":{"rendered":"\t\t<div data-elementor-type=\"wp-page\" data-elementor-id=\"995\" class=\"elementor elementor-995 elementor-332\" data-elementor-post-type=\"page\">\n\t\t\t\t\t\t<section class=\"elementor-section elementor-top-section elementor-element elementor-element-7c60f3f3 elementor-section-height-min-height animated-slow elementor-section-boxed elementor-section-height-default elementor-section-items-middle elementor-invisible\" data-id=\"7c60f3f3\" data-element_type=\"section\" data-settings=\"{&quot;background_background&quot;:&quot;classic&quot;,&quot;animation&quot;:&quot;fadeIn&quot;}\">\n\t\t\t\t\t\t\t<div class=\"elementor-background-overlay\"><\/div>\n\t\t\t\t\t\t\t<div class=\"elementor-container elementor-column-gap-extended\">\n\t\t\t\t\t<div class=\"elementor-column elementor-col-100 elementor-top-column elementor-element elementor-element-7d4f7bb6\" data-id=\"7d4f7bb6\" data-element_type=\"column\">\n\t\t\t<div class=\"elementor-widget-wrap elementor-element-populated\">\n\t\t\t\t\t\t<div class=\"elementor-element elementor-element-7b98550 elementor-widget elementor-widget-heading\" data-id=\"7b98550\" data-element_type=\"widget\" data-widget_type=\"heading.default\">\n\t\t\t\t<div class=\"elementor-widget-container\">\n\t\t\t<h2 class=\"elementor-heading-title elementor-size-default\">Handelsrecht<\/h2>\t\t<\/div>\n\t\t\t\t<\/div>\n\t\t\t\t\t<\/div>\n\t\t<\/div>\n\t\t\t\t\t<\/div>\n\t\t<\/section>\n\t\t\t\t<section class=\"elementor-section elementor-top-section elementor-element elementor-element-24259952 elementor-section-boxed elementor-section-height-default elementor-section-height-default\" data-id=\"24259952\" data-element_type=\"section\">\n\t\t\t\t\t\t<div class=\"elementor-container elementor-column-gap-extended\">\n\t\t\t\t\t<div class=\"elementor-column elementor-col-50 elementor-top-column elementor-element elementor-element-2800755c animated-slow elementor-invisible\" data-id=\"2800755c\" data-element_type=\"column\" data-settings=\"{&quot;animation&quot;:&quot;fadeInLeft&quot;}\">\n\t\t\t<div class=\"elementor-widget-wrap elementor-element-populated\">\n\t\t\t\t\t\t<div class=\"elementor-element elementor-element-39fd1849 elementor-widget-mobile__width-initial elementor-widget elementor-widget-heading\" data-id=\"39fd1849\" data-element_type=\"widget\" data-widget_type=\"heading.default\">\n\t\t\t\t<div class=\"elementor-widget-container\">\n\t\t\t<h4 class=\"elementor-heading-title elementor-size-default\">Was wir anbieten:<\/h4>\t\t<\/div>\n\t\t\t\t<\/div>\n\t\t\t\t<div class=\"elementor-element elementor-element-3a00a187 elementor-widget elementor-widget-text-editor\" data-id=\"3a00a187\" data-element_type=\"widget\" data-widget_type=\"text-editor.default\">\n\t\t\t\t<div class=\"elementor-widget-container\">\n\t\t\t\t\t\t\t<ul><li><p><span style=\"font-weight: 400;\">Rechtsberatung bei der Gr\u00fcndung und Verwaltung von Handelsgesellschaften\u00a0<\/span><\/p><\/li><li><p><span style=\"font-weight: 400;\">Vorbereitung und Durchf\u00fchrung von Umwandlungen von Handelsgesellschaften, einschlie\u00dflich Fusionen, Spaltungen und Teilungen\u00a0<\/span><\/p><\/li><li><p><span style=\"font-weight: 400;\">Erstellung von Vertr\u00e4gen und anderen Dokumenten sowie Rechtsberatung in spezifischen Gesch\u00e4ftsbereichen von Handelsgesellschaften\u00a0<\/span><\/p><\/li><li><p><span style=\"font-weight: 400;\">Rechtsberatung bei der Vorbereitung und Durchf\u00fchrung von Liquidationsverfahren\u00a0<\/span><\/p><\/li><li><p><span style=\"font-weight: 400;\">Vertretung in Rechtsstreitigkeiten aus Handelsbeziehungen<\/span><\/p><\/li><\/ul>\t\t\t\t\t\t<\/div>\n\t\t\t\t<\/div>\n\t\t\t\t\t<\/div>\n\t\t<\/div>\n\t\t\t\t<div class=\"elementor-column elementor-col-50 elementor-top-column elementor-element elementor-element-6429decb animated-slow elementor-invisible\" data-id=\"6429decb\" data-element_type=\"column\" data-settings=\"{&quot;animation&quot;:&quot;fadeInRight&quot;}\">\n\t\t\t<div class=\"elementor-widget-wrap elementor-element-populated\">\n\t\t\t\t\t\t<section class=\"elementor-section elementor-inner-section elementor-element elementor-element-23752e97 elementor-section-boxed elementor-section-height-default elementor-section-height-default\" data-id=\"23752e97\" data-element_type=\"section\">\n\t\t\t\t\t\t<div class=\"elementor-container elementor-column-gap-default\">\n\t\t\t\t\t<div class=\"elementor-column elementor-col-100 elementor-inner-column elementor-element elementor-element-13b818dc\" data-id=\"13b818dc\" data-element_type=\"column\" data-settings=\"{&quot;background_background&quot;:&quot;classic&quot;}\">\n\t\t\t<div class=\"elementor-widget-wrap elementor-element-populated\">\n\t\t\t\t\t\t<div class=\"elementor-element elementor-element-6c6c0083 elementor-widget elementor-widget-text-editor\" data-id=\"6c6c0083\" data-element_type=\"widget\" data-widget_type=\"text-editor.default\">\n\t\t\t\t<div class=\"elementor-widget-container\">\n\t\t\t\t\t\t\t<p><span style=\"font-weight: 400;\">Fordern Sie eine Beratung an.<\/span><\/p>\t\t\t\t\t\t<\/div>\n\t\t\t\t<\/div>\n\t\t\t\t<div class=\"elementor-element elementor-element-4fdc4304 elementor-widget elementor-widget-heading\" data-id=\"4fdc4304\" data-element_type=\"widget\" data-widget_type=\"heading.default\">\n\t\t\t\t<div class=\"elementor-widget-container\">\n\t\t\t<h2 class=\"elementor-heading-title elementor-size-default\">Erfahren Sie mehr \u00fcber die M\u00f6glichkeiten und L\u00f6sungen f\u00fcr Ihren Fall.<\/h2>\t\t<\/div>\n\t\t\t\t<\/div>\n\t\t\t\t<div class=\"elementor-element elementor-element-58e7fecb elementor-align-left elementor-tablet-align-left elementor-widget elementor-widget-button\" data-id=\"58e7fecb\" data-element_type=\"widget\" data-widget_type=\"button.default\">\n\t\t\t\t<div class=\"elementor-widget-container\">\n\t\t\t\t\t\t\t<div class=\"elementor-button-wrapper\">\n\t\t\t\t\t<a class=\"elementor-button elementor-button-link elementor-size-sm\" href=\"https:\/\/odvjetnica-beber.hr\/de\/kontakt\/\">\n\t\t\t\t\t\t<span class=\"elementor-button-content-wrapper\">\n\t\t\t\t\t\t<span class=\"elementor-button-icon\">\n\t\t\t\t<svg aria-hidden=\"true\" class=\"e-font-icon-svg e-fas-arrow-right\" viewBox=\"0 0 448 512\" xmlns=\"http:\/\/www.w3.org\/2000\/svg\"><path d=\"M190.5 66.9l22.2-22.2c9.4-9.4 24.6-9.4 33.9 0L441 239c9.4 9.4 9.4 24.6 0 33.9L246.6 467.3c-9.4 9.4-24.6 9.4-33.9 0l-22.2-22.2c-9.5-9.5-9.3-25 .4-34.3L311.4 296H24c-13.3 0-24-10.7-24-24v-32c0-13.3 10.7-24 24-24h287.4L190.9 101.2c-9.8-9.3-10-24.8-.4-34.3z\"><\/path><\/svg>\t\t\t<\/span>\n\t\t\t\t\t\t\t\t\t<span class=\"elementor-button-text\">kontakt<\/span>\n\t\t\t\t\t<\/span>\n\t\t\t\t\t<\/a>\n\t\t\t\t<\/div>\n\t\t\t\t\t\t<\/div>\n\t\t\t\t<\/div>\n\t\t\t\t\t<\/div>\n\t\t<\/div>\n\t\t\t\t\t<\/div>\n\t\t<\/section>\n\t\t\t\t\t<\/div>\n\t\t<\/div>\n\t\t\t\t\t<\/div>\n\t\t<\/section>\n\t\t\t\t<\/div>\n\t\t","protected":false},"excerpt":{"rendered":"<p>Was wir anbieten: Rechtsberatung bei der Gr\u00fcndung und Verwaltung von Handelsgesellschaften\u00a0 Vorbereitung und Durchf\u00fchrung von Umwandlungen von Handelsgesellschaften, einschlie\u00dflich Fusionen, Spaltungen und Teilungen\u00a0 Erstellung von Vertr\u00e4gen und anderen Dokumenten sowie Rechtsberatung in spezifischen Gesch\u00e4ftsbereichen von Handelsgesellschaften\u00a0 Rechtsberatung bei der Vorbereitung und Durchf\u00fchrung von Liquidationsverfahren\u00a0 Vertretung in Rechtsstreitigkeiten aus Handelsbeziehungen Fordern Sie eine Beratung an. Erfahren [&hellip;]<\/p>\n","protected":false},"author":1,"featured_media":0,"parent":0,"menu_order":0,"comment_status":"closed","ping_status":"closed","template":"elementor_header_footer","meta":{"footnotes":""},"class_list":["post-995","page","type-page","status-publish","hentry"],"yoast_head":"<!-- This site is optimized with the Yoast SEO plugin v24.0 - https:\/\/yoast.com\/wordpress\/plugins\/seo\/ -->\n<title>Handelsrecht - Odvjetnica Beber<\/title>\n<meta name=\"robots\" content=\"index, follow, max-snippet:-1, max-image-preview:large, max-video-preview:-1\" \/>\n<link rel=\"canonical\" href=\"https:\/\/odvjetnica-beber.hr\/de\/handelsrecht\/\" \/>\n<meta property=\"og:locale\" content=\"de_DE\" \/>\n<meta property=\"og:type\" content=\"article\" \/>\n<meta property=\"og:title\" content=\"Handelsrecht - Odvjetnica Beber\" \/>\n<meta property=\"og:description\" content=\"Was wir anbieten: Rechtsberatung bei der Gr\u00fcndung und Verwaltung von Handelsgesellschaften\u00a0 Vorbereitung und Durchf\u00fchrung von Umwandlungen von Handelsgesellschaften, einschlie\u00dflich Fusionen, Spaltungen und Teilungen\u00a0 Erstellung von Vertr\u00e4gen und anderen Dokumenten sowie Rechtsberatung in spezifischen Gesch\u00e4ftsbereichen von Handelsgesellschaften\u00a0 Rechtsberatung bei der Vorbereitung und Durchf\u00fchrung von Liquidationsverfahren\u00a0 Vertretung in Rechtsstreitigkeiten aus Handelsbeziehungen Fordern Sie eine Beratung an. Erfahren [&hellip;]\" \/>\n<meta property=\"og:url\" content=\"https:\/\/odvjetnica-beber.hr\/de\/handelsrecht\/\" \/>\n<meta property=\"og:site_name\" content=\"Odvjetnica Beber\" \/>\n<meta property=\"article:modified_time\" content=\"2024-12-31T17:58:25+00:00\" \/>\n<meta name=\"twitter:card\" content=\"summary_large_image\" \/>\n<meta name=\"twitter:label1\" content=\"Gesch\u00e4tzte Lesezeit\" \/>\n\t<meta name=\"twitter:data1\" content=\"1\u00a0Minute\" \/>\n<script type=\"application\/ld+json\" class=\"yoast-schema-graph\">{\"@context\":\"https:\/\/schema.org\",\"@graph\":[{\"@type\":\"WebPage\",\"@id\":\"https:\/\/odvjetnica-beber.hr\/de\/handelsrecht\/\",\"url\":\"https:\/\/odvjetnica-beber.hr\/de\/handelsrecht\/\",\"name\":\"Handelsrecht - Odvjetnica Beber\",\"isPartOf\":{\"@id\":\"https:\/\/odvjetnica-beber.hr\/#website\"},\"datePublished\":\"2024-11-11T10:15:42+00:00\",\"dateModified\":\"2024-12-31T17:58:25+00:00\",\"breadcrumb\":{\"@id\":\"https:\/\/odvjetnica-beber.hr\/de\/handelsrecht\/#breadcrumb\"},\"inLanguage\":\"de\",\"potentialAction\":[{\"@type\":\"ReadAction\",\"target\":[\"https:\/\/odvjetnica-beber.hr\/de\/handelsrecht\/\"]}]},{\"@type\":\"BreadcrumbList\",\"@id\":\"https:\/\/odvjetnica-beber.hr\/de\/handelsrecht\/#breadcrumb\",\"itemListElement\":[{\"@type\":\"ListItem\",\"position\":1,\"name\":\"Po\u010detna stranica\",\"item\":\"https:\/\/odvjetnica-beber.hr\/\"},{\"@type\":\"ListItem\",\"position\":2,\"name\":\"Handelsrecht\"}]},{\"@type\":\"WebSite\",\"@id\":\"https:\/\/odvjetnica-beber.hr\/#website\",\"url\":\"https:\/\/odvjetnica-beber.hr\/\",\"name\":\"Odvjetnica Beber\",\"description\":\"\",\"publisher\":{\"@id\":\"https:\/\/odvjetnica-beber.hr\/#organization\"},\"potentialAction\":[{\"@type\":\"SearchAction\",\"target\":{\"@type\":\"EntryPoint\",\"urlTemplate\":\"https:\/\/odvjetnica-beber.hr\/?s={search_term_string}\"},\"query-input\":{\"@type\":\"PropertyValueSpecification\",\"valueRequired\":true,\"valueName\":\"search_term_string\"}}],\"inLanguage\":\"de\"},{\"@type\":\"Organization\",\"@id\":\"https:\/\/odvjetnica-beber.hr\/#organization\",\"name\":\"Odvjetnica Beber\",\"url\":\"https:\/\/odvjetnica-beber.hr\/\",\"logo\":{\"@type\":\"ImageObject\",\"inLanguage\":\"de\",\"@id\":\"https:\/\/odvjetnica-beber.hr\/#\/schema\/logo\/image\/\",\"url\":\"https:\/\/odvjetnica-beber.hr\/wp-content\/uploads\/2024\/11\/Asset-2.png\",\"contentUrl\":\"https:\/\/odvjetnica-beber.hr\/wp-content\/uploads\/2024\/11\/Asset-2.png\",\"width\":904,\"height\":166,\"caption\":\"Odvjetnica Beber\"},\"image\":{\"@id\":\"https:\/\/odvjetnica-beber.hr\/#\/schema\/logo\/image\/\"}}]}<\/script>\n<!-- \/ Yoast SEO plugin. -->","yoast_head_json":{"title":"Handelsrecht - Odvjetnica Beber","robots":{"index":"index","follow":"follow","max-snippet":"max-snippet:-1","max-image-preview":"max-image-preview:large","max-video-preview":"max-video-preview:-1"},"canonical":"https:\/\/odvjetnica-beber.hr\/de\/handelsrecht\/","og_locale":"de_DE","og_type":"article","og_title":"Handelsrecht - Odvjetnica Beber","og_description":"Was wir anbieten: Rechtsberatung bei der Gr\u00fcndung und Verwaltung von Handelsgesellschaften\u00a0 Vorbereitung und Durchf\u00fchrung von Umwandlungen von Handelsgesellschaften, einschlie\u00dflich Fusionen, Spaltungen und Teilungen\u00a0 Erstellung von Vertr\u00e4gen und anderen Dokumenten sowie Rechtsberatung in spezifischen Gesch\u00e4ftsbereichen von Handelsgesellschaften\u00a0 Rechtsberatung bei der Vorbereitung und Durchf\u00fchrung von Liquidationsverfahren\u00a0 Vertretung in Rechtsstreitigkeiten aus Handelsbeziehungen Fordern Sie eine Beratung an. Erfahren [&hellip;]","og_url":"https:\/\/odvjetnica-beber.hr\/de\/handelsrecht\/","og_site_name":"Odvjetnica Beber","article_modified_time":"2024-12-31T17:58:25+00:00","twitter_card":"summary_large_image","twitter_misc":{"Gesch\u00e4tzte Lesezeit":"1\u00a0Minute"},"schema":{"@context":"https:\/\/schema.org","@graph":[{"@type":"WebPage","@id":"https:\/\/odvjetnica-beber.hr\/de\/handelsrecht\/","url":"https:\/\/odvjetnica-beber.hr\/de\/handelsrecht\/","name":"Handelsrecht - Odvjetnica Beber","isPartOf":{"@id":"https:\/\/odvjetnica-beber.hr\/#website"},"datePublished":"2024-11-11T10:15:42+00:00","dateModified":"2024-12-31T17:58:25+00:00","breadcrumb":{"@id":"https:\/\/odvjetnica-beber.hr\/de\/handelsrecht\/#breadcrumb"},"inLanguage":"de","potentialAction":[{"@type":"ReadAction","target":["https:\/\/odvjetnica-beber.hr\/de\/handelsrecht\/"]}]},{"@type":"BreadcrumbList","@id":"https:\/\/odvjetnica-beber.hr\/de\/handelsrecht\/#breadcrumb","itemListElement":[{"@type":"ListItem","position":1,"name":"Po\u010detna stranica","item":"https:\/\/odvjetnica-beber.hr\/"},{"@type":"ListItem","position":2,"name":"Handelsrecht"}]},{"@type":"WebSite","@id":"https:\/\/odvjetnica-beber.hr\/#website","url":"https:\/\/odvjetnica-beber.hr\/","name":"Odvjetnica Beber","description":"","publisher":{"@id":"https:\/\/odvjetnica-beber.hr\/#organization"},"potentialAction":[{"@type":"SearchAction","target":{"@type":"EntryPoint","urlTemplate":"https:\/\/odvjetnica-beber.hr\/?s={search_term_string}"},"query-input":{"@type":"PropertyValueSpecification","valueRequired":true,"valueName":"search_term_string"}}],"inLanguage":"de"},{"@type":"Organization","@id":"https:\/\/odvjetnica-beber.hr\/#organization","name":"Odvjetnica Beber","url":"https:\/\/odvjetnica-beber.hr\/","logo":{"@type":"ImageObject","inLanguage":"de","@id":"https:\/\/odvjetnica-beber.hr\/#\/schema\/logo\/image\/","url":"https:\/\/odvjetnica-beber.hr\/wp-content\/uploads\/2024\/11\/Asset-2.png","contentUrl":"https:\/\/odvjetnica-beber.hr\/wp-content\/uploads\/2024\/11\/Asset-2.png","width":904,"height":166,"caption":"Odvjetnica Beber"},"image":{"@id":"https:\/\/odvjetnica-beber.hr\/#\/schema\/logo\/image\/"}}]}},"_links":{"self":[{"href":"https:\/\/odvjetnica-beber.hr\/de\/wp-json\/wp\/v2\/pages\/995","targetHints":{"allow":["GET"]}}],"collection":[{"href":"https:\/\/odvjetnica-beber.hr\/de\/wp-json\/wp\/v2\/pages"}],"about":[{"href":"https:\/\/odvjetnica-beber.hr\/de\/wp-json\/wp\/v2\/types\/page"}],"author":[{"embeddable":true,"href":"https:\/\/odvjetnica-beber.hr\/de\/wp-json\/wp\/v2\/users\/1"}],"replies":[{"embeddable":true,"href":"https:\/\/odvjetnica-beber.hr\/de\/wp-json\/wp\/v2\/comments?post=995"}],"version-history":[{"count":7,"href":"https:\/\/odvjetnica-beber.hr\/de\/wp-json\/wp\/v2\/pages\/995\/revisions"}],"predecessor-version":[{"id":1074,"href":"https:\/\/odvjetnica-beber.hr\/de\/wp-json\/wp\/v2\/pages\/995\/revisions\/1074"}],"wp:attachment":[{"href":"https:\/\/odvjetnica-beber.hr\/de\/wp-json\/wp\/v2\/media?parent=995"}],"curies":[{"name":"wp","href":"https:\/\/api.w.org\/{rel}","templated":true}]}}